{"id":141,"date":"2020-05-04T13:57:05","date_gmt":"2020-05-04T12:57:05","guid":{"rendered":"https:\/\/www.wfd2.co.uk\/btwp\/?post_type=product&#038;p=141"},"modified":"2020-06-23T16:48:06","modified_gmt":"2020-06-23T15:48:06","slug":"aubergine","status":"publish","type":"product","link":"https:\/\/www.botanicoir.com\/es\/product\/aubergine\/","title":{"rendered":"Berenjena"},"content":{"rendered":"<p>En Botanicoir utilizamos tama\u00f1os de part\u00edculas especialmente seleccionados de la c\u00e1scara del coco, virutas de la corteza y fibra corta para crear el entorno \u00f3ptimo para las plantas de berenjena, seg\u00fan las preferencias del productor y el clima local. Las tablas para cultivos de berenjena son la opci\u00f3n m\u00e1s popular, pero tambi\u00e9n ofrecemos productos a medida hechos espec\u00edficamente para tus necesidades. Nuestras t\u00e9cnicas de producci\u00f3n \u00fanicas aseguran que la mezcla de fibra de coco sea homog\u00e9nea en toda el \u00e1rea de cultivo para ayudar a la conducci\u00f3n del cultivo y la gesti\u00f3n del riego. Todas las mezclas, dimensiones y pl\u00e1sticos se pueden personalizar para adaptarse a los requisitos de cada productor.<\/p>","protected":false},"featured_media":531,"menu_order":3,"template":"","format":[16,17],"specification":[22],"contact":[13],"product-category":[38],"class_list":["post-141","product","type-product","status-publish","has-post-thumbnail","hentry","format-grow-bags-aubergine","format-naked-slabs-aubergine","specification-aubergine-mix","contact-sander-steinmann","product-category-salad-vegetables"],"yoast_head":"<!-- This site is optimized with the Yoast SEO plugin v27.4 - https:\/\/yoast.com\/product\/yoast-seo-wordpress\/ -->\n<title>Aubergine Plant Coir Products - Salad &amp; Vegetable - Botanicoir<\/title>\n<meta name=\"description\" content=\"Specially chosen particles sizes and coco chips to create the optimum environment for aubergine plants depending on grower preference and local climates.\" \/>\n<meta name=\"robots\" content=\"index, follow, max-snippet:-1, max-image-preview:large, max-video-preview:-1\" \/>\n<link rel=\"canonical\" href=\"https:\/\/www.botanicoir.com\/es\/product\/aubergine\/\" \/>\n<meta property=\"og:locale\" content=\"es_ES\" \/>\n<meta property=\"og:type\" content=\"article\" \/>\n<meta property=\"og:title\" content=\"Aubergine Plant Coir Products - Salad &amp; Vegetable - Botanicoir\" \/>\n<meta property=\"og:description\" content=\"Specially chosen particles sizes and coco chips to create the optimum environment for aubergine plants depending on grower preference and local climates.\" \/>\n<meta property=\"og:url\" content=\"https:\/\/www.botanicoir.com\/es\/product\/aubergine\/\" \/>\n<meta property=\"og:site_name\" content=\"Botanicoir\" \/>\n<meta property=\"article:modified_time\" content=\"2020-06-23T15:48:06+00:00\" \/>\n<meta property=\"og:image\" content=\"https:\/\/www.botanicoir.com\/wp-content\/uploads\/2020\/05\/aubergine-3.jpg\" \/>\n\t<meta property=\"og:image:width\" content=\"1600\" \/>\n\t<meta property=\"og:image:height\" content=\"568\" \/>\n\t<meta property=\"og:image:type\" content=\"image\/jpeg\" \/>\n<meta name=\"twitter:card\" content=\"summary_large_image\" \/>\n<script type=\"application\/ld+json\" class=\"yoast-schema-graph\">{\"@context\":\"https:\\\/\\\/schema.org\",\"@graph\":[{\"@type\":\"WebPage\",\"@id\":\"https:\\\/\\\/www.botanicoir.com\\\/product\\\/aubergine\\\/\",\"url\":\"https:\\\/\\\/www.botanicoir.com\\\/product\\\/aubergine\\\/\",\"name\":\"Aubergine Plant Coir Products - Salad & Vegetable - Botanicoir\",\"isPartOf\":{\"@id\":\"https:\\\/\\\/www.botanicoir.com\\\/#website\"},\"primaryImageOfPage\":{\"@id\":\"https:\\\/\\\/www.botanicoir.com\\\/product\\\/aubergine\\\/#primaryimage\"},\"image\":{\"@id\":\"https:\\\/\\\/www.botanicoir.com\\\/product\\\/aubergine\\\/#primaryimage\"},\"thumbnailUrl\":\"https:\\\/\\\/www.botanicoir.com\\\/wp-content\\\/uploads\\\/2020\\\/05\\\/aubergine-3.jpg\",\"datePublished\":\"2020-05-04T12:57:05+00:00\",\"dateModified\":\"2020-06-23T15:48:06+00:00\",\"description\":\"Specially chosen particles sizes and coco chips to create the optimum environment for aubergine plants depending on grower preference and local climates.\",\"breadcrumb\":{\"@id\":\"https:\\\/\\\/www.botanicoir.com\\\/product\\\/aubergine\\\/#breadcrumb\"},\"inLanguage\":\"es\",\"potentialAction\":[{\"@type\":\"ReadAction\",\"target\":[\"https:\\\/\\\/www.botanicoir.com\\\/product\\\/aubergine\\\/\"]}]},{\"@type\":\"ImageObject\",\"inLanguage\":\"es\",\"@id\":\"https:\\\/\\\/www.botanicoir.com\\\/product\\\/aubergine\\\/#primaryimage\",\"url\":\"https:\\\/\\\/www.botanicoir.com\\\/wp-content\\\/uploads\\\/2020\\\/05\\\/aubergine-3.jpg\",\"contentUrl\":\"https:\\\/\\\/www.botanicoir.com\\\/wp-content\\\/uploads\\\/2020\\\/05\\\/aubergine-3.jpg\",\"width\":1600,\"height\":568,\"caption\":\"Aubergine\"},{\"@type\":\"BreadcrumbList\",\"@id\":\"https:\\\/\\\/www.botanicoir.com\\\/product\\\/aubergine\\\/#breadcrumb\",\"itemListElement\":[{\"@type\":\"ListItem\",\"position\":1,\"name\":\"Home\",\"item\":\"https:\\\/\\\/www.botanicoir.com\\\/\"},{\"@type\":\"ListItem\",\"position\":2,\"name\":\"Products\",\"item\":\"https:\\\/\\\/www.botanicoir.com\\\/product\\\/\"},{\"@type\":\"ListItem\",\"position\":3,\"name\":\"Aubergine\"}]},{\"@type\":\"WebSite\",\"@id\":\"https:\\\/\\\/www.botanicoir.com\\\/#website\",\"url\":\"https:\\\/\\\/www.botanicoir.com\\\/\",\"name\":\"Botanicoir\",\"description\":\"\",\"publisher\":{\"@id\":\"https:\\\/\\\/www.botanicoir.com\\\/#organization\"},\"potentialAction\":[{\"@type\":\"SearchAction\",\"target\":{\"@type\":\"EntryPoint\",\"urlTemplate\":\"https:\\\/\\\/www.botanicoir.com\\\/?s={search_term_string}\"},\"query-input\":{\"@type\":\"PropertyValueSpecification\",\"valueRequired\":true,\"valueName\":\"search_term_string\"}}],\"inLanguage\":\"es\"},{\"@type\":\"Organization\",\"@id\":\"https:\\\/\\\/www.botanicoir.com\\\/#organization\",\"name\":\"Botanicoir\",\"url\":\"https:\\\/\\\/www.botanicoir.com\\\/\",\"logo\":{\"@type\":\"ImageObject\",\"inLanguage\":\"es\",\"@id\":\"https:\\\/\\\/www.botanicoir.com\\\/#\\\/schema\\\/logo\\\/image\\\/\",\"url\":\"https:\\\/\\\/www.botanicoir.com\\\/wp-content\\\/uploads\\\/2020\\\/06\\\/botanicoir-logo.png\",\"contentUrl\":\"https:\\\/\\\/www.botanicoir.com\\\/wp-content\\\/uploads\\\/2020\\\/06\\\/botanicoir-logo.png\",\"width\":229,\"height\":81,\"caption\":\"Botanicoir\"},\"image\":{\"@id\":\"https:\\\/\\\/www.botanicoir.com\\\/#\\\/schema\\\/logo\\\/image\\\/\"}}]}<\/script>\n<!-- \/ Yoast SEO plugin. -->","yoast_head_json":{"title":"Aubergine Plant Coir Products - Salad & Vegetable - Botanicoir","description":"Specially chosen particles sizes and coco chips to create the optimum environment for aubergine plants depending on grower preference and local climates.","robots":{"index":"index","follow":"follow","max-snippet":"max-snippet:-1","max-image-preview":"max-image-preview:large","max-video-preview":"max-video-preview:-1"},"canonical":"https:\/\/www.botanicoir.com\/es\/product\/aubergine\/","og_locale":"es_ES","og_type":"article","og_title":"Aubergine Plant Coir Products - Salad & Vegetable - Botanicoir","og_description":"Specially chosen particles sizes and coco chips to create the optimum environment for aubergine plants depending on grower preference and local climates.","og_url":"https:\/\/www.botanicoir.com\/es\/product\/aubergine\/","og_site_name":"Botanicoir","article_modified_time":"2020-06-23T15:48:06+00:00","og_image":[{"width":1600,"height":568,"url":"https:\/\/www.botanicoir.com\/wp-content\/uploads\/2020\/05\/aubergine-3.jpg","type":"image\/jpeg"}],"twitter_card":"summary_large_image","schema":{"@context":"https:\/\/schema.org","@graph":[{"@type":"WebPage","@id":"https:\/\/www.botanicoir.com\/product\/aubergine\/","url":"https:\/\/www.botanicoir.com\/product\/aubergine\/","name":"Aubergine Plant Coir Products - Salad & Vegetable - Botanicoir","isPartOf":{"@id":"https:\/\/www.botanicoir.com\/#website"},"primaryImageOfPage":{"@id":"https:\/\/www.botanicoir.com\/product\/aubergine\/#primaryimage"},"image":{"@id":"https:\/\/www.botanicoir.com\/product\/aubergine\/#primaryimage"},"thumbnailUrl":"https:\/\/www.botanicoir.com\/wp-content\/uploads\/2020\/05\/aubergine-3.jpg","datePublished":"2020-05-04T12:57:05+00:00","dateModified":"2020-06-23T15:48:06+00:00","description":"Specially chosen particles sizes and coco chips to create the optimum environment for aubergine plants depending on grower preference and local climates.","breadcrumb":{"@id":"https:\/\/www.botanicoir.com\/product\/aubergine\/#breadcrumb"},"inLanguage":"es","potentialAction":[{"@type":"ReadAction","target":["https:\/\/www.botanicoir.com\/product\/aubergine\/"]}]},{"@type":"ImageObject","inLanguage":"es","@id":"https:\/\/www.botanicoir.com\/product\/aubergine\/#primaryimage","url":"https:\/\/www.botanicoir.com\/wp-content\/uploads\/2020\/05\/aubergine-3.jpg","contentUrl":"https:\/\/www.botanicoir.com\/wp-content\/uploads\/2020\/05\/aubergine-3.jpg","width":1600,"height":568,"caption":"Aubergine"},{"@type":"BreadcrumbList","@id":"https:\/\/www.botanicoir.com\/product\/aubergine\/#breadcrumb","itemListElement":[{"@type":"ListItem","position":1,"name":"Home","item":"https:\/\/www.botanicoir.com\/"},{"@type":"ListItem","position":2,"name":"Products","item":"https:\/\/www.botanicoir.com\/product\/"},{"@type":"ListItem","position":3,"name":"Aubergine"}]},{"@type":"WebSite","@id":"https:\/\/www.botanicoir.com\/#website","url":"https:\/\/www.botanicoir.com\/","name":"Botanicoir","description":"","publisher":{"@id":"https:\/\/www.botanicoir.com\/#organization"},"potentialAction":[{"@type":"SearchAction","target":{"@type":"EntryPoint","urlTemplate":"https:\/\/www.botanicoir.com\/?s={search_term_string}"},"query-input":{"@type":"PropertyValueSpecification","valueRequired":true,"valueName":"search_term_string"}}],"inLanguage":"es"},{"@type":"Organization","@id":"https:\/\/www.botanicoir.com\/#organization","name":"Botanicoir","url":"https:\/\/www.botanicoir.com\/","logo":{"@type":"ImageObject","inLanguage":"es","@id":"https:\/\/www.botanicoir.com\/#\/schema\/logo\/image\/","url":"https:\/\/www.botanicoir.com\/wp-content\/uploads\/2020\/06\/botanicoir-logo.png","contentUrl":"https:\/\/www.botanicoir.com\/wp-content\/uploads\/2020\/06\/botanicoir-logo.png","width":229,"height":81,"caption":"Botanicoir"},"image":{"@id":"https:\/\/www.botanicoir.com\/#\/schema\/logo\/image\/"}}]}},"_links":{"self":[{"href":"https:\/\/www.botanicoir.com\/es\/wp-json\/wp\/v2\/product\/141","targetHints":{"allow":["GET"]}}],"collection":[{"href":"https:\/\/www.botanicoir.com\/es\/wp-json\/wp\/v2\/product"}],"about":[{"href":"https:\/\/www.botanicoir.com\/es\/wp-json\/wp\/v2\/types\/product"}],"wp:featuredmedia":[{"embeddable":true,"href":"https:\/\/www.botanicoir.com\/es\/wp-json\/wp\/v2\/media\/531"}],"wp:attachment":[{"href":"https:\/\/www.botanicoir.com\/es\/wp-json\/wp\/v2\/media?parent=141"}],"wp:term":[{"taxonomy":"format","embeddable":true,"href":"https:\/\/www.botanicoir.com\/es\/wp-json\/wp\/v2\/format?post=141"},{"taxonomy":"specification","embeddable":true,"href":"https:\/\/www.botanicoir.com\/es\/wp-json\/wp\/v2\/specification?post=141"},{"taxonomy":"contact","embeddable":true,"href":"https:\/\/www.botanicoir.com\/es\/wp-json\/wp\/v2\/contact?post=141"},{"taxonomy":"product-category","embeddable":true,"href":"https:\/\/www.botanicoir.com\/es\/wp-json\/wp\/v2\/product-category?post=141"}],"curies":[{"name":"wp","href":"https:\/\/api.w.org\/{rel}","templated":true}]}}