{"id":221,"date":"2020-05-12T11:19:07","date_gmt":"2020-05-12T10:19:07","guid":{"rendered":"https:\/\/www.wfd2.co.uk\/btwp\/?post_type=product&#038;p=221"},"modified":"2024-11-05T14:32:09","modified_gmt":"2024-11-05T14:32:09","slug":"propagation","status":"publish","type":"product","link":"https:\/\/www.botanicoir.com\/es\/product\/propagation\/","title":{"rendered":"Propagaci\u00f3n"},"content":{"rendered":"<p>La mezcla de fibra de coco utilizada para la propagaci\u00f3n de plantones es de vital importancia para asegurarse de que las ra\u00edces j\u00f3venes tengan f\u00e1cil acceso a los nutrientes para fomentar un crecimiento fuerte y saludable desde el principio. Nuestra mezcla de propagaci\u00f3n completamente lavada y tamponada, compuesta por part\u00edculas m\u00e1s peque\u00f1as de fibra de coco es una mezcla de fibra de coco limpia, con niveles elevados de calcio, que ofrece el entorno ideal para fomentar el crecimiento saludable de las ra\u00edces.<\/p>","protected":false},"featured_media":532,"menu_order":0,"template":"","format":[10],"specification":[31],"contact":[30],"product-category":[],"class_list":["post-221","product","type-product","status-publish","has-post-thumbnail","hentry","format-botanicubes","specification-propagation-mix","contact-kalum-balasuriya"],"yoast_head":"<!-- This site is optimized with the Yoast SEO plugin v27.4 - https:\/\/yoast.com\/product\/yoast-seo-wordpress\/ -->\n<title>Coir Mix for Propagation of Young Plants - Botanicoir<\/title>\n<meta name=\"description\" content=\"Coir mix used for propagation of young plants is important to make sure the roots have easy access to nutrients to encourage strong and healthy growth.\" \/>\n<meta name=\"robots\" content=\"noindex, follow\" \/>\n<meta property=\"og:locale\" content=\"es_ES\" \/>\n<meta property=\"og:type\" content=\"article\" \/>\n<meta property=\"og:title\" content=\"Coir Mix for Propagation of Young Plants - Botanicoir\" \/>\n<meta property=\"og:description\" content=\"Coir mix used for propagation of young plants is important to make sure the roots have easy access to nutrients to encourage strong and healthy growth.\" \/>\n<meta property=\"og:url\" content=\"https:\/\/www.botanicoir.com\/es\/product\/propagation\/\" \/>\n<meta property=\"og:site_name\" content=\"Botanicoir\" \/>\n<meta property=\"article:modified_time\" content=\"2024-11-05T14:32:09+00:00\" \/>\n<meta property=\"og:image\" content=\"https:\/\/www.botanicoir.com\/wp-content\/uploads\/2020\/05\/propagation-banner.jpg\" \/>\n\t<meta property=\"og:image:width\" content=\"1600\" \/>\n\t<meta property=\"og:image:height\" content=\"568\" \/>\n\t<meta property=\"og:image:type\" content=\"image\/jpeg\" \/>\n<meta name=\"twitter:card\" content=\"summary_large_image\" \/>\n<meta name=\"twitter:label1\" content=\"Tiempo de lectura\" \/>\n\t<meta name=\"twitter:data1\" content=\"1 minuto\" \/>\n<script type=\"application\/ld+json\" class=\"yoast-schema-graph\">{\"@context\":\"https:\\\/\\\/schema.org\",\"@graph\":[{\"@type\":\"WebPage\",\"@id\":\"https:\\\/\\\/www.botanicoir.com\\\/product\\\/propagation\\\/\",\"url\":\"https:\\\/\\\/www.botanicoir.com\\\/product\\\/propagation\\\/\",\"name\":\"Coir Mix for Propagation of Young Plants - Botanicoir\",\"isPartOf\":{\"@id\":\"https:\\\/\\\/www.botanicoir.com\\\/#website\"},\"primaryImageOfPage\":{\"@id\":\"https:\\\/\\\/www.botanicoir.com\\\/product\\\/propagation\\\/#primaryimage\"},\"image\":{\"@id\":\"https:\\\/\\\/www.botanicoir.com\\\/product\\\/propagation\\\/#primaryimage\"},\"thumbnailUrl\":\"https:\\\/\\\/www.botanicoir.com\\\/wp-content\\\/uploads\\\/2020\\\/05\\\/propagation-banner.jpg\",\"datePublished\":\"2020-05-12T10:19:07+00:00\",\"dateModified\":\"2024-11-05T14:32:09+00:00\",\"description\":\"Coir mix used for propagation of young plants is important to make sure the roots have easy access to nutrients to encourage strong and healthy growth.\",\"breadcrumb\":{\"@id\":\"https:\\\/\\\/www.botanicoir.com\\\/product\\\/propagation\\\/#breadcrumb\"},\"inLanguage\":\"es\",\"potentialAction\":[{\"@type\":\"ReadAction\",\"target\":[\"https:\\\/\\\/www.botanicoir.com\\\/product\\\/propagation\\\/\"]}]},{\"@type\":\"ImageObject\",\"inLanguage\":\"es\",\"@id\":\"https:\\\/\\\/www.botanicoir.com\\\/product\\\/propagation\\\/#primaryimage\",\"url\":\"https:\\\/\\\/www.botanicoir.com\\\/wp-content\\\/uploads\\\/2020\\\/05\\\/propagation-banner.jpg\",\"contentUrl\":\"https:\\\/\\\/www.botanicoir.com\\\/wp-content\\\/uploads\\\/2020\\\/05\\\/propagation-banner.jpg\",\"width\":1600,\"height\":568,\"caption\":\"Propagation\"},{\"@type\":\"BreadcrumbList\",\"@id\":\"https:\\\/\\\/www.botanicoir.com\\\/product\\\/propagation\\\/#breadcrumb\",\"itemListElement\":[{\"@type\":\"ListItem\",\"position\":1,\"name\":\"Home\",\"item\":\"https:\\\/\\\/www.botanicoir.com\\\/\"},{\"@type\":\"ListItem\",\"position\":2,\"name\":\"Products\",\"item\":\"https:\\\/\\\/www.botanicoir.com\\\/product\\\/\"},{\"@type\":\"ListItem\",\"position\":3,\"name\":\"Propagation\"}]},{\"@type\":\"WebSite\",\"@id\":\"https:\\\/\\\/www.botanicoir.com\\\/#website\",\"url\":\"https:\\\/\\\/www.botanicoir.com\\\/\",\"name\":\"Botanicoir\",\"description\":\"\",\"publisher\":{\"@id\":\"https:\\\/\\\/www.botanicoir.com\\\/#organization\"},\"potentialAction\":[{\"@type\":\"SearchAction\",\"target\":{\"@type\":\"EntryPoint\",\"urlTemplate\":\"https:\\\/\\\/www.botanicoir.com\\\/?s={search_term_string}\"},\"query-input\":{\"@type\":\"PropertyValueSpecification\",\"valueRequired\":true,\"valueName\":\"search_term_string\"}}],\"inLanguage\":\"es\"},{\"@type\":\"Organization\",\"@id\":\"https:\\\/\\\/www.botanicoir.com\\\/#organization\",\"name\":\"Botanicoir\",\"url\":\"https:\\\/\\\/www.botanicoir.com\\\/\",\"logo\":{\"@type\":\"ImageObject\",\"inLanguage\":\"es\",\"@id\":\"https:\\\/\\\/www.botanicoir.com\\\/#\\\/schema\\\/logo\\\/image\\\/\",\"url\":\"https:\\\/\\\/www.botanicoir.com\\\/wp-content\\\/uploads\\\/2020\\\/06\\\/botanicoir-logo.png\",\"contentUrl\":\"https:\\\/\\\/www.botanicoir.com\\\/wp-content\\\/uploads\\\/2020\\\/06\\\/botanicoir-logo.png\",\"width\":229,\"height\":81,\"caption\":\"Botanicoir\"},\"image\":{\"@id\":\"https:\\\/\\\/www.botanicoir.com\\\/#\\\/schema\\\/logo\\\/image\\\/\"}}]}<\/script>\n<!-- \/ Yoast SEO plugin. -->","yoast_head_json":{"title":"Coir Mix for Propagation of Young Plants - Botanicoir","description":"Coir mix used for propagation of young plants is important to make sure the roots have easy access to nutrients to encourage strong and healthy growth.","robots":{"index":"noindex","follow":"follow"},"og_locale":"es_ES","og_type":"article","og_title":"Coir Mix for Propagation of Young Plants - Botanicoir","og_description":"Coir mix used for propagation of young plants is important to make sure the roots have easy access to nutrients to encourage strong and healthy growth.","og_url":"https:\/\/www.botanicoir.com\/es\/product\/propagation\/","og_site_name":"Botanicoir","article_modified_time":"2024-11-05T14:32:09+00:00","og_image":[{"width":1600,"height":568,"url":"https:\/\/www.botanicoir.com\/wp-content\/uploads\/2020\/05\/propagation-banner.jpg","type":"image\/jpeg"}],"twitter_card":"summary_large_image","twitter_misc":{"Tiempo de lectura":"1 minuto"},"schema":{"@context":"https:\/\/schema.org","@graph":[{"@type":"WebPage","@id":"https:\/\/www.botanicoir.com\/product\/propagation\/","url":"https:\/\/www.botanicoir.com\/product\/propagation\/","name":"Coir Mix for Propagation of Young Plants - Botanicoir","isPartOf":{"@id":"https:\/\/www.botanicoir.com\/#website"},"primaryImageOfPage":{"@id":"https:\/\/www.botanicoir.com\/product\/propagation\/#primaryimage"},"image":{"@id":"https:\/\/www.botanicoir.com\/product\/propagation\/#primaryimage"},"thumbnailUrl":"https:\/\/www.botanicoir.com\/wp-content\/uploads\/2020\/05\/propagation-banner.jpg","datePublished":"2020-05-12T10:19:07+00:00","dateModified":"2024-11-05T14:32:09+00:00","description":"Coir mix used for propagation of young plants is important to make sure the roots have easy access to nutrients to encourage strong and healthy growth.","breadcrumb":{"@id":"https:\/\/www.botanicoir.com\/product\/propagation\/#breadcrumb"},"inLanguage":"es","potentialAction":[{"@type":"ReadAction","target":["https:\/\/www.botanicoir.com\/product\/propagation\/"]}]},{"@type":"ImageObject","inLanguage":"es","@id":"https:\/\/www.botanicoir.com\/product\/propagation\/#primaryimage","url":"https:\/\/www.botanicoir.com\/wp-content\/uploads\/2020\/05\/propagation-banner.jpg","contentUrl":"https:\/\/www.botanicoir.com\/wp-content\/uploads\/2020\/05\/propagation-banner.jpg","width":1600,"height":568,"caption":"Propagation"},{"@type":"BreadcrumbList","@id":"https:\/\/www.botanicoir.com\/product\/propagation\/#breadcrumb","itemListElement":[{"@type":"ListItem","position":1,"name":"Home","item":"https:\/\/www.botanicoir.com\/"},{"@type":"ListItem","position":2,"name":"Products","item":"https:\/\/www.botanicoir.com\/product\/"},{"@type":"ListItem","position":3,"name":"Propagation"}]},{"@type":"WebSite","@id":"https:\/\/www.botanicoir.com\/#website","url":"https:\/\/www.botanicoir.com\/","name":"Botanicoir","description":"","publisher":{"@id":"https:\/\/www.botanicoir.com\/#organization"},"potentialAction":[{"@type":"SearchAction","target":{"@type":"EntryPoint","urlTemplate":"https:\/\/www.botanicoir.com\/?s={search_term_string}"},"query-input":{"@type":"PropertyValueSpecification","valueRequired":true,"valueName":"search_term_string"}}],"inLanguage":"es"},{"@type":"Organization","@id":"https:\/\/www.botanicoir.com\/#organization","name":"Botanicoir","url":"https:\/\/www.botanicoir.com\/","logo":{"@type":"ImageObject","inLanguage":"es","@id":"https:\/\/www.botanicoir.com\/#\/schema\/logo\/image\/","url":"https:\/\/www.botanicoir.com\/wp-content\/uploads\/2020\/06\/botanicoir-logo.png","contentUrl":"https:\/\/www.botanicoir.com\/wp-content\/uploads\/2020\/06\/botanicoir-logo.png","width":229,"height":81,"caption":"Botanicoir"},"image":{"@id":"https:\/\/www.botanicoir.com\/#\/schema\/logo\/image\/"}}]}},"_links":{"self":[{"href":"https:\/\/www.botanicoir.com\/es\/wp-json\/wp\/v2\/product\/221","targetHints":{"allow":["GET"]}}],"collection":[{"href":"https:\/\/www.botanicoir.com\/es\/wp-json\/wp\/v2\/product"}],"about":[{"href":"https:\/\/www.botanicoir.com\/es\/wp-json\/wp\/v2\/types\/product"}],"wp:featuredmedia":[{"embeddable":true,"href":"https:\/\/www.botanicoir.com\/es\/wp-json\/wp\/v2\/media\/532"}],"wp:attachment":[{"href":"https:\/\/www.botanicoir.com\/es\/wp-json\/wp\/v2\/media?parent=221"}],"wp:term":[{"taxonomy":"format","embeddable":true,"href":"https:\/\/www.botanicoir.com\/es\/wp-json\/wp\/v2\/format?post=221"},{"taxonomy":"specification","embeddable":true,"href":"https:\/\/www.botanicoir.com\/es\/wp-json\/wp\/v2\/specification?post=221"},{"taxonomy":"contact","embeddable":true,"href":"https:\/\/www.botanicoir.com\/es\/wp-json\/wp\/v2\/contact?post=221"},{"taxonomy":"product-category","embeddable":true,"href":"https:\/\/www.botanicoir.com\/es\/wp-json\/wp\/v2\/product-category?post=221"}],"curies":[{"name":"wp","href":"https:\/\/api.w.org\/{rel}","templated":true}]}}