{"id":262,"date":"2020-05-27T10:42:33","date_gmt":"2020-05-27T09:42:33","guid":{"rendered":"https:\/\/www.wfd2.co.uk\/btwp\/?page_id=262"},"modified":"2025-03-13T11:02:09","modified_gmt":"2025-03-13T11:02:09","slug":"contact","status":"publish","type":"page","link":"https:\/\/www.botanicoir.com\/fr\/contact\/","title":{"rendered":"Entrer en contact"},"content":{"rendered":"<p id=\"toppara\" style=\"text-align: center;\">Nous serions ravis de vous entendre. Si vous souhaitez en savoir plus sur nos produits ou si vous avez des questions, n&#039;h\u00e9sitez pas \u00e0 nous contacter en nous appelant, en nous \u00e9crivant ou en nous envoyant un message en utilisant le formulaire de contact ci-dessous.<\/p>\n<div id=\"contactleft\">\n<h2>\u00c9crivez-nous<\/h2>\n<p class=\"translation-block\">Botanicoir Ltd<br> Unit\u00e9 212<br> L&#039;ampoule<br> 1 marche de filament<br> Londres<br> SW18 4GQ<\/p>\n<h2>Nous contacter<\/h2>\n<p>T\u00e9l\u00e9phone: <a href=\"tel:+442031762051\">+44 (0) 203 176 2051<\/a><br \/>\nEmail: <a href=\"mailto:info@botanicoir.com\">info@botanicoir.com<\/a><\/p>\n<\/div>\n<div id=\"contactright\">\n<h2>Envoie-nous un message<\/h2>\n\n<div class=\"wpcf7 no-js\" id=\"wpcf7-f271-o1\" lang=\"en-GB\" dir=\"ltr\" data-wpcf7-id=\"271\">\n<div class=\"screen-reader-response\"><p role=\"status\" aria-live=\"polite\" aria-atomic=\"true\"><\/p> <ul><\/ul><\/div>\n<form action=\"\/fr\/wp-json\/wp\/v2\/pages\/262#wpcf7-f271-o1\" method=\"post\" class=\"wpcf7-form init\" aria-label=\"Formulaire de contact\" novalidate=\"novalidate\" data-status=\"init\" data-trp-original-action=\"\/fr\/wp-json\/wp\/v2\/pages\/262#wpcf7-f271-o1\">\n<fieldset class=\"hidden-fields-container\"><input type=\"hidden\" name=\"_wpcf7\" value=\"271\" \/><input type=\"hidden\" name=\"_wpcf7_version\" value=\"6.1.5\" \/><input type=\"hidden\" name=\"_wpcf7_locale\" value=\"en_GB\" \/><input type=\"hidden\" name=\"_wpcf7_unit_tag\" value=\"wpcf7-f271-o1\" \/><input type=\"hidden\" name=\"_wpcf7_container_post\" value=\"0\" \/><input type=\"hidden\" name=\"_wpcf7_posted_data_hash\" value=\"\" \/><input type=\"hidden\" name=\"_wpcf7_recaptcha_response\" value=\"\" \/>\n<\/fieldset>\n<p>Les d\u00e9tails marqu\u00e9s d&#039;un * sont obligatoires\n<\/p>\n<p><label for=\"your-name\">Votre nom*:<\/label><span class=\"wpcf7-form-control-wrap\" data-name=\"your-name\"><input size=\"40\" maxlength=\"400\" class=\"wpcf7-form-control wpcf7-text wpcf7-validates-as-required\" aria-required=\"true\" aria-invalid=\"false\" value=\"\" type=\"text\" name=\"your-name\" \/><\/span>\n<\/p>\n<p><label for=\"company\">Entreprise*:<\/label><span class=\"wpcf7-form-control-wrap\" data-name=\"company\"><input size=\"40\" maxlength=\"400\" class=\"wpcf7-form-control wpcf7-text wpcf7-validates-as-required\" aria-required=\"true\" aria-invalid=\"false\" value=\"\" type=\"text\" name=\"company\" \/><\/span>\n<\/p>\n<p><label for=\"your-email\">Email*:<\/label><span class=\"wpcf7-form-control-wrap\" data-name=\"your-email\"><input size=\"40\" maxlength=\"400\" class=\"wpcf7-form-control wpcf7-email wpcf7-validates-as-required wpcf7-text wpcf7-validates-as-email\" aria-required=\"true\" aria-invalid=\"false\" value=\"\" type=\"email\" name=\"your-email\" \/><\/span>\n<\/p>\n<p><label for=\"telephone\">T\u00e9l\u00e9phone*:<\/label><span class=\"wpcf7-form-control-wrap\" data-name=\"telephone\"><input size=\"40\" maxlength=\"400\" class=\"wpcf7-form-control wpcf7-text wpcf7-validates-as-required\" aria-required=\"true\" aria-invalid=\"false\" value=\"\" type=\"text\" name=\"telephone\" \/><\/span>\n<\/p>\n<p><label for=\"country\">Pays*:<\/label><span class=\"wpcf7-form-control-wrap\" data-name=\"country\"><input size=\"40\" maxlength=\"400\" class=\"wpcf7-form-control wpcf7-text wpcf7-validates-as-required\" aria-required=\"true\" aria-invalid=\"false\" value=\"\" type=\"text\" name=\"country\" \/><\/span>\n<\/p>\n<p id=\"enquiryfield\"><label for=\"your-enquiry\">Votre demande*:<br \/>\n<span style=\"font-size: 0.8em;\">Maximum\u00a0: 500 caract\u00e8res<br \/>\n<span class=\"wpcf7-character-count up\" data-target-name=\"your-enquiry\" data-starting-value=\"0\" data-current-value=\"0\" data-maximum-value=\"500\" data-minimum-value=\"20\">0<\/span>\/500<\/span><\/label><span class=\"wpcf7-form-control-wrap\" data-name=\"your-enquiry\"><textarea cols=\"40\" rows=\"10\" maxlength=\"500\" minlength=\"20\" class=\"wpcf7-form-control wpcf7-textarea wpcf7-validates-as-required\" aria-required=\"true\" aria-invalid=\"false\" name=\"your-enquiry\"><\/textarea><\/span>\n<\/p>\n<p><label for=\"how-hear\">Comment avez-vous entendu parler de nous?*:<\/label><span class=\"wpcf7-form-control-wrap\" data-name=\"how-hear\"><select class=\"wpcf7-form-control wpcf7-select wpcf7-validates-as-required\" aria-required=\"true\" aria-invalid=\"false\" name=\"how-hear\"><option value=\"\">\u2014Veuillez choisir une option\u2014<\/option><option value=\"Search Engine\">Moteur de recherche<\/option><option value=\"Social Media\">Des m\u00e9dias sociaux<\/option><option value=\"Print Magazine\">Magazine imprim\u00e9<\/option><option value=\"Digital Newsletter\">Newsletter num\u00e9rique<\/option><option value=\"Partner Website\">Site Web partenaire<\/option><option value=\"Trade Show\">Salon professionnel<\/option><option value=\"Word of Mouth\">Bouche \u00e0 oreille<\/option><option value=\"Other\">Autre<\/option><\/select><\/span>\n<\/p>\n<p>Cochez cette case pour recevoir des mises \u00e0 jour et du marketing. Vous pouvez modifier vos pr\u00e9f\u00e9rences \u00e0 tout moment conform\u00e9ment \u00e0 nos <a href=\"https:\/\/www.botanicoir.com\/fr\/privacy-policy\/\" target=\"_blank\">Politique de confidentialit\u00e9<\/a>.<br \/>\n<span class=\"wpcf7-form-control-wrap\" data-name=\"marketing\"><span class=\"wpcf7-form-control wpcf7-checkbox\"><span class=\"wpcf7-list-item first last\"><label><input type=\"checkbox\" name=\"marketing[]\" value=\"I agree to receive updates and marketing\" \/><span class=\"wpcf7-list-item-label\">J&#039;accepte de recevoir des mises \u00e0 jour et du marketing<\/span><\/label><\/span><\/span><\/span>\n<\/p>\n<div id=\"spacer\">\n\t<p>&nbsp;\n\t<\/p>\n<\/div>\n<div id=\"button\">\n\t<p><input class=\"wpcf7-form-control wpcf7-submit has-spinner\" type=\"submit\" value=\"ENVOYER\" \/>\n\t<\/p>\n<\/div><div class=\"wpcf7-response-output\" aria-hidden=\"true\"><\/div>\n<input type=\"hidden\" name=\"trp-form-language\" value=\"fr\"\/><\/form>\n<\/div>\n\n<\/div>","protected":false},"excerpt":{"rendered":"<p>Nous serions ravis de vous entendre. Si vous souhaitez en savoir plus sur nos produits ou si vous avez des questions, n&#039;h\u00e9sitez pas \u00e0 nous contacter en nous appelant, en nous \u00e9crivant ou en nous envoyant un message en utilisant le formulaire de contact ci-dessous. \u00c9crivez-nous Botanicoir Ltd Unit 212 The Light Bulb 1 Filament\u2026 <a class=\"moretag\" href=\"https:\/\/www.botanicoir.com\/fr\/contact\/\">Lire en entier&gt;<\/a><\/p>","protected":false},"author":1,"featured_media":498,"parent":0,"menu_order":0,"comment_status":"closed","ping_status":"closed","template":"","meta":{"footnotes":""},"class_list":["post-262","page","type-page","status-publish","has-post-thumbnail","hentry"],"yoast_head":"<!-- This site is optimized with the Yoast SEO plugin v27.4 - https:\/\/yoast.com\/product\/yoast-seo-wordpress\/ -->\n<title>Get in Touch - Botanicoir: Producers of Quality Cocopeat<\/title>\n<meta name=\"description\" content=\"We would love to hear from you. If you would like to know more about our products or have any questions at all, please feel free to get in touch.\" \/>\n<meta name=\"robots\" content=\"index, follow, max-snippet:-1, max-image-preview:large, max-video-preview:-1\" \/>\n<link rel=\"canonical\" href=\"https:\/\/www.botanicoir.com\/fr\/contact\/\" \/>\n<meta property=\"og:locale\" content=\"fr_FR\" \/>\n<meta property=\"og:type\" content=\"article\" \/>\n<meta property=\"og:title\" content=\"Get in Touch - Botanicoir: Producers of Quality Cocopeat\" \/>\n<meta property=\"og:description\" content=\"We would love to hear from you. If you would like to know more about our products or have any questions at all, please feel free to get in touch.\" \/>\n<meta property=\"og:url\" content=\"https:\/\/www.botanicoir.com\/fr\/contact\/\" \/>\n<meta property=\"og:site_name\" content=\"Botanicoir\" \/>\n<meta property=\"article:modified_time\" content=\"2025-03-13T11:02:09+00:00\" \/>\n<meta property=\"og:image\" content=\"https:\/\/www.botanicoir.com\/wp-content\/uploads\/2020\/06\/contact.jpg\" \/>\n\t<meta property=\"og:image:width\" content=\"1600\" \/>\n\t<meta property=\"og:image:height\" content=\"568\" \/>\n\t<meta property=\"og:image:type\" content=\"image\/jpeg\" \/>\n<meta name=\"twitter:card\" content=\"summary_large_image\" \/>\n<script type=\"application\/ld+json\" class=\"yoast-schema-graph\">{\"@context\":\"https:\\\/\\\/schema.org\",\"@graph\":[{\"@type\":\"WebPage\",\"@id\":\"https:\\\/\\\/www.botanicoir.com\\\/contact\\\/\",\"url\":\"https:\\\/\\\/www.botanicoir.com\\\/contact\\\/\",\"name\":\"Get in Touch - Botanicoir: Producers of Quality Cocopeat\",\"isPartOf\":{\"@id\":\"https:\\\/\\\/www.botanicoir.com\\\/#website\"},\"primaryImageOfPage\":{\"@id\":\"https:\\\/\\\/www.botanicoir.com\\\/contact\\\/#primaryimage\"},\"image\":{\"@id\":\"https:\\\/\\\/www.botanicoir.com\\\/contact\\\/#primaryimage\"},\"thumbnailUrl\":\"https:\\\/\\\/www.botanicoir.com\\\/wp-content\\\/uploads\\\/2020\\\/06\\\/contact.jpg\",\"datePublished\":\"2020-05-27T09:42:33+00:00\",\"dateModified\":\"2025-03-13T11:02:09+00:00\",\"description\":\"We would love to hear from you. If you would like to know more about our products or have any questions at all, please feel free to get in touch.\",\"breadcrumb\":{\"@id\":\"https:\\\/\\\/www.botanicoir.com\\\/contact\\\/#breadcrumb\"},\"inLanguage\":\"fr-FR\",\"potentialAction\":[{\"@type\":\"ReadAction\",\"target\":[\"https:\\\/\\\/www.botanicoir.com\\\/contact\\\/\"]}]},{\"@type\":\"ImageObject\",\"inLanguage\":\"fr-FR\",\"@id\":\"https:\\\/\\\/www.botanicoir.com\\\/contact\\\/#primaryimage\",\"url\":\"https:\\\/\\\/www.botanicoir.com\\\/wp-content\\\/uploads\\\/2020\\\/06\\\/contact.jpg\",\"contentUrl\":\"https:\\\/\\\/www.botanicoir.com\\\/wp-content\\\/uploads\\\/2020\\\/06\\\/contact.jpg\",\"width\":1600,\"height\":568,\"caption\":\"Contact\"},{\"@type\":\"BreadcrumbList\",\"@id\":\"https:\\\/\\\/www.botanicoir.com\\\/contact\\\/#breadcrumb\",\"itemListElement\":[{\"@type\":\"ListItem\",\"position\":1,\"name\":\"Home\",\"item\":\"https:\\\/\\\/www.botanicoir.com\\\/\"},{\"@type\":\"ListItem\",\"position\":2,\"name\":\"Get in Touch\"}]},{\"@type\":\"WebSite\",\"@id\":\"https:\\\/\\\/www.botanicoir.com\\\/#website\",\"url\":\"https:\\\/\\\/www.botanicoir.com\\\/\",\"name\":\"Botanicoir\",\"description\":\"\",\"publisher\":{\"@id\":\"https:\\\/\\\/www.botanicoir.com\\\/#organization\"},\"potentialAction\":[{\"@type\":\"SearchAction\",\"target\":{\"@type\":\"EntryPoint\",\"urlTemplate\":\"https:\\\/\\\/www.botanicoir.com\\\/?s={search_term_string}\"},\"query-input\":{\"@type\":\"PropertyValueSpecification\",\"valueRequired\":true,\"valueName\":\"search_term_string\"}}],\"inLanguage\":\"fr-FR\"},{\"@type\":\"Organization\",\"@id\":\"https:\\\/\\\/www.botanicoir.com\\\/#organization\",\"name\":\"Botanicoir\",\"url\":\"https:\\\/\\\/www.botanicoir.com\\\/\",\"logo\":{\"@type\":\"ImageObject\",\"inLanguage\":\"fr-FR\",\"@id\":\"https:\\\/\\\/www.botanicoir.com\\\/#\\\/schema\\\/logo\\\/image\\\/\",\"url\":\"https:\\\/\\\/www.botanicoir.com\\\/wp-content\\\/uploads\\\/2020\\\/06\\\/botanicoir-logo.png\",\"contentUrl\":\"https:\\\/\\\/www.botanicoir.com\\\/wp-content\\\/uploads\\\/2020\\\/06\\\/botanicoir-logo.png\",\"width\":229,\"height\":81,\"caption\":\"Botanicoir\"},\"image\":{\"@id\":\"https:\\\/\\\/www.botanicoir.com\\\/#\\\/schema\\\/logo\\\/image\\\/\"}}]}<\/script>\n<!-- \/ Yoast SEO plugin. -->","yoast_head_json":{"title":"Get in Touch - Botanicoir: Producers of Quality Cocopeat","description":"We would love to hear from you. If you would like to know more about our products or have any questions at all, please feel free to get in touch.","robots":{"index":"index","follow":"follow","max-snippet":"max-snippet:-1","max-image-preview":"max-image-preview:large","max-video-preview":"max-video-preview:-1"},"canonical":"https:\/\/www.botanicoir.com\/fr\/contact\/","og_locale":"fr_FR","og_type":"article","og_title":"Get in Touch - Botanicoir: Producers of Quality Cocopeat","og_description":"We would love to hear from you. If you would like to know more about our products or have any questions at all, please feel free to get in touch.","og_url":"https:\/\/www.botanicoir.com\/fr\/contact\/","og_site_name":"Botanicoir","article_modified_time":"2025-03-13T11:02:09+00:00","og_image":[{"width":1600,"height":568,"url":"https:\/\/www.botanicoir.com\/wp-content\/uploads\/2020\/06\/contact.jpg","type":"image\/jpeg"}],"twitter_card":"summary_large_image","schema":{"@context":"https:\/\/schema.org","@graph":[{"@type":"WebPage","@id":"https:\/\/www.botanicoir.com\/contact\/","url":"https:\/\/www.botanicoir.com\/contact\/","name":"Get in Touch - Botanicoir: Producers of Quality Cocopeat","isPartOf":{"@id":"https:\/\/www.botanicoir.com\/#website"},"primaryImageOfPage":{"@id":"https:\/\/www.botanicoir.com\/contact\/#primaryimage"},"image":{"@id":"https:\/\/www.botanicoir.com\/contact\/#primaryimage"},"thumbnailUrl":"https:\/\/www.botanicoir.com\/wp-content\/uploads\/2020\/06\/contact.jpg","datePublished":"2020-05-27T09:42:33+00:00","dateModified":"2025-03-13T11:02:09+00:00","description":"We would love to hear from you. If you would like to know more about our products or have any questions at all, please feel free to get in touch.","breadcrumb":{"@id":"https:\/\/www.botanicoir.com\/contact\/#breadcrumb"},"inLanguage":"fr-FR","potentialAction":[{"@type":"ReadAction","target":["https:\/\/www.botanicoir.com\/contact\/"]}]},{"@type":"ImageObject","inLanguage":"fr-FR","@id":"https:\/\/www.botanicoir.com\/contact\/#primaryimage","url":"https:\/\/www.botanicoir.com\/wp-content\/uploads\/2020\/06\/contact.jpg","contentUrl":"https:\/\/www.botanicoir.com\/wp-content\/uploads\/2020\/06\/contact.jpg","width":1600,"height":568,"caption":"Contact"},{"@type":"BreadcrumbList","@id":"https:\/\/www.botanicoir.com\/contact\/#breadcrumb","itemListElement":[{"@type":"ListItem","position":1,"name":"Home","item":"https:\/\/www.botanicoir.com\/"},{"@type":"ListItem","position":2,"name":"Get in Touch"}]},{"@type":"WebSite","@id":"https:\/\/www.botanicoir.com\/#website","url":"https:\/\/www.botanicoir.com\/","name":"Botanicoir","description":"","publisher":{"@id":"https:\/\/www.botanicoir.com\/#organization"},"potentialAction":[{"@type":"SearchAction","target":{"@type":"EntryPoint","urlTemplate":"https:\/\/www.botanicoir.com\/?s={search_term_string}"},"query-input":{"@type":"PropertyValueSpecification","valueRequired":true,"valueName":"search_term_string"}}],"inLanguage":"fr-FR"},{"@type":"Organization","@id":"https:\/\/www.botanicoir.com\/#organization","name":"Botanicoir","url":"https:\/\/www.botanicoir.com\/","logo":{"@type":"ImageObject","inLanguage":"fr-FR","@id":"https:\/\/www.botanicoir.com\/#\/schema\/logo\/image\/","url":"https:\/\/www.botanicoir.com\/wp-content\/uploads\/2020\/06\/botanicoir-logo.png","contentUrl":"https:\/\/www.botanicoir.com\/wp-content\/uploads\/2020\/06\/botanicoir-logo.png","width":229,"height":81,"caption":"Botanicoir"},"image":{"@id":"https:\/\/www.botanicoir.com\/#\/schema\/logo\/image\/"}}]}},"_links":{"self":[{"href":"https:\/\/www.botanicoir.com\/fr\/wp-json\/wp\/v2\/pages\/262","targetHints":{"allow":["GET"]}}],"collection":[{"href":"https:\/\/www.botanicoir.com\/fr\/wp-json\/wp\/v2\/pages"}],"about":[{"href":"https:\/\/www.botanicoir.com\/fr\/wp-json\/wp\/v2\/types\/page"}],"author":[{"embeddable":true,"href":"https:\/\/www.botanicoir.com\/fr\/wp-json\/wp\/v2\/users\/1"}],"replies":[{"embeddable":true,"href":"https:\/\/www.botanicoir.com\/fr\/wp-json\/wp\/v2\/comments?post=262"}],"version-history":[{"count":0,"href":"https:\/\/www.botanicoir.com\/fr\/wp-json\/wp\/v2\/pages\/262\/revisions"}],"wp:featuredmedia":[{"embeddable":true,"href":"https:\/\/www.botanicoir.com\/fr\/wp-json\/wp\/v2\/media\/498"}],"wp:attachment":[{"href":"https:\/\/www.botanicoir.com\/fr\/wp-json\/wp\/v2\/media?parent=262"}],"curies":[{"name":"wp","href":"https:\/\/api.w.org\/{rel}","templated":true}]}}