{"id":358,"date":"2020-06-03T10:13:35","date_gmt":"2020-06-03T09:13:35","guid":{"rendered":"https:\/\/www.wfd2.co.uk\/btwp\/?page_id=358"},"modified":"2021-05-30T13:47:33","modified_gmt":"2021-05-30T12:47:33","slug":"gallery","status":"publish","type":"page","link":"https:\/\/www.botanicoir.com\/fr\/gallery\/","title":{"rendered":"Galerie"},"content":{"rendered":"<p id=\"intropara\">D\u00e9couvrez une s\u00e9lection de photos dans la galerie du Botanicoir. Vous trouverez ici une s\u00e9lection d&#039;images qui pr\u00e9sentent nos produits et vous donnent un aper\u00e7u visuel de notre entreprise, de ses gens et de la production de nos supports de culture de coco<\/p>\n<ul>\n<li><a href=\"https:\/\/www.botanicoir.com\/fr\/gallery\/production-facility\/\"><img fetchpriority=\"high\" decoding=\"async\" class=\"alignnone wp-image-361 size-full\" src=\"https:\/\/www.botanicoir.com\/wp-content\/uploads\/2020\/06\/factory.jpg\" alt=\"Production Facility\" width=\"477\" height=\"477\" srcset=\"https:\/\/www.botanicoir.com\/wp-content\/uploads\/2020\/06\/factory.jpg 477w, https:\/\/www.botanicoir.com\/wp-content\/uploads\/2020\/06\/factory-300x300.jpg 300w, https:\/\/www.botanicoir.com\/wp-content\/uploads\/2020\/06\/factory-230x230.jpg 230w, https:\/\/www.botanicoir.com\/wp-content\/uploads\/2020\/06\/factory-150x150.jpg 150w\" sizes=\"(max-width: 477px) 100vw, 477px\" \/><\/a><br \/>\n<h2><a href=\"https:\/\/www.botanicoir.com\/fr\/gallery\/production-facility\/\">Usine<\/a><\/h2>\n<p>Voir des photos de nos plantations de noix de coco, de nos installations de production et de nos habitants<\/li>\n<li><a href=\"https:\/\/www.botanicoir.com\/fr\/gallery\/products-gallery\/\"><img decoding=\"async\" class=\"alignnone size-full wp-image-362\" src=\"https:\/\/www.botanicoir.com\/wp-content\/uploads\/2020\/06\/products.jpg\" alt=\"Products\" width=\"479\" height=\"477\" srcset=\"https:\/\/www.botanicoir.com\/wp-content\/uploads\/2020\/06\/products.jpg 479w, https:\/\/www.botanicoir.com\/wp-content\/uploads\/2020\/06\/products-300x300.jpg 300w, https:\/\/www.botanicoir.com\/wp-content\/uploads\/2020\/06\/products-230x230.jpg 230w, https:\/\/www.botanicoir.com\/wp-content\/uploads\/2020\/06\/products-150x150.jpg 150w\" sizes=\"(max-width: 479px) 100vw, 479px\" \/><\/a><br \/>\n<h2><a href=\"https:\/\/www.botanicoir.com\/fr\/gallery\/products-gallery\/\">Nos produits<\/a><\/h2>\n<p>Voir des photos de nos produits en fibre de coco et une gamme des formats les plus populaires<\/li>\n<\/ul>","protected":false},"excerpt":{"rendered":"<p>View a selection of photos in the Botanicoir gallery. Here you\u2019ll find a selection of images that showcase our products and give you a visual insight into our company, it\u2019s people and production of our coir growing media Production Facility View photos from our coconut plantations, production facilities and people Products View photos of our&#8230; <a class=\"moretag\" href=\"https:\/\/www.botanicoir.com\/fr\/gallery\/\">Lire en entier&gt;<\/a><\/p>","protected":false},"author":1,"featured_media":497,"parent":0,"menu_order":0,"comment_status":"closed","ping_status":"closed","template":"","meta":{"footnotes":""},"class_list":["post-358","page","type-page","status-publish","has-post-thumbnail","hentry"],"yoast_head":"<!-- This site is optimized with the Yoast SEO plugin v27.4 - https:\/\/yoast.com\/product\/yoast-seo-wordpress\/ -->\n<title>Photo Gallery: Botanicoir: Producers of Quality Cocopeat<\/title>\n<meta name=\"description\" content=\"View a selection of photos in the Botanicoir gallery. Images showcasing our products and giving insight into our company, people and production of our coir.\" \/>\n<meta name=\"robots\" content=\"index, follow, max-snippet:-1, max-image-preview:large, max-video-preview:-1\" \/>\n<link rel=\"canonical\" href=\"https:\/\/www.botanicoir.com\/fr\/gallery\/\" \/>\n<meta property=\"og:locale\" content=\"fr_FR\" \/>\n<meta property=\"og:type\" content=\"article\" \/>\n<meta property=\"og:title\" content=\"Photo Gallery: Botanicoir: Producers of Quality Cocopeat\" \/>\n<meta property=\"og:description\" content=\"View a selection of photos in the Botanicoir gallery. Images showcasing our products and giving insight into our company, people and production of our coir.\" \/>\n<meta property=\"og:url\" content=\"https:\/\/www.botanicoir.com\/fr\/gallery\/\" \/>\n<meta property=\"og:site_name\" content=\"Botanicoir\" \/>\n<meta property=\"article:modified_time\" content=\"2021-05-30T12:47:33+00:00\" \/>\n<meta property=\"og:image\" content=\"https:\/\/www.botanicoir.com\/wp-content\/uploads\/2020\/06\/gallery.jpg\" \/>\n\t<meta property=\"og:image:width\" content=\"1600\" \/>\n\t<meta property=\"og:image:height\" content=\"568\" \/>\n\t<meta property=\"og:image:type\" content=\"image\/jpeg\" \/>\n<meta name=\"twitter:card\" content=\"summary_large_image\" \/>\n<meta name=\"twitter:label1\" content=\"Dur\u00e9e de lecture estim\u00e9e\" \/>\n\t<meta name=\"twitter:data1\" content=\"1 minute\" \/>\n<script type=\"application\/ld+json\" class=\"yoast-schema-graph\">{\"@context\":\"https:\\\/\\\/schema.org\",\"@graph\":[{\"@type\":\"WebPage\",\"@id\":\"https:\\\/\\\/www.botanicoir.com\\\/gallery\\\/\",\"url\":\"https:\\\/\\\/www.botanicoir.com\\\/gallery\\\/\",\"name\":\"Photo Gallery: Botanicoir: Producers of Quality Cocopeat\",\"isPartOf\":{\"@id\":\"https:\\\/\\\/www.botanicoir.com\\\/#website\"},\"primaryImageOfPage\":{\"@id\":\"https:\\\/\\\/www.botanicoir.com\\\/gallery\\\/#primaryimage\"},\"image\":{\"@id\":\"https:\\\/\\\/www.botanicoir.com\\\/gallery\\\/#primaryimage\"},\"thumbnailUrl\":\"https:\\\/\\\/www.botanicoir.com\\\/wp-content\\\/uploads\\\/2020\\\/06\\\/gallery.jpg\",\"datePublished\":\"2020-06-03T09:13:35+00:00\",\"dateModified\":\"2021-05-30T12:47:33+00:00\",\"description\":\"View a selection of photos in the Botanicoir gallery. Images showcasing our products and giving insight into our company, people and production of our coir.\",\"breadcrumb\":{\"@id\":\"https:\\\/\\\/www.botanicoir.com\\\/gallery\\\/#breadcrumb\"},\"inLanguage\":\"fr-FR\",\"potentialAction\":[{\"@type\":\"ReadAction\",\"target\":[\"https:\\\/\\\/www.botanicoir.com\\\/gallery\\\/\"]}]},{\"@type\":\"ImageObject\",\"inLanguage\":\"fr-FR\",\"@id\":\"https:\\\/\\\/www.botanicoir.com\\\/gallery\\\/#primaryimage\",\"url\":\"https:\\\/\\\/www.botanicoir.com\\\/wp-content\\\/uploads\\\/2020\\\/06\\\/gallery.jpg\",\"contentUrl\":\"https:\\\/\\\/www.botanicoir.com\\\/wp-content\\\/uploads\\\/2020\\\/06\\\/gallery.jpg\",\"width\":1600,\"height\":568,\"caption\":\"Gallery\"},{\"@type\":\"BreadcrumbList\",\"@id\":\"https:\\\/\\\/www.botanicoir.com\\\/gallery\\\/#breadcrumb\",\"itemListElement\":[{\"@type\":\"ListItem\",\"position\":1,\"name\":\"Home\",\"item\":\"https:\\\/\\\/www.botanicoir.com\\\/\"},{\"@type\":\"ListItem\",\"position\":2,\"name\":\"Gallery\"}]},{\"@type\":\"WebSite\",\"@id\":\"https:\\\/\\\/www.botanicoir.com\\\/#website\",\"url\":\"https:\\\/\\\/www.botanicoir.com\\\/\",\"name\":\"Botanicoir\",\"description\":\"\",\"publisher\":{\"@id\":\"https:\\\/\\\/www.botanicoir.com\\\/#organization\"},\"potentialAction\":[{\"@type\":\"SearchAction\",\"target\":{\"@type\":\"EntryPoint\",\"urlTemplate\":\"https:\\\/\\\/www.botanicoir.com\\\/?s={search_term_string}\"},\"query-input\":{\"@type\":\"PropertyValueSpecification\",\"valueRequired\":true,\"valueName\":\"search_term_string\"}}],\"inLanguage\":\"fr-FR\"},{\"@type\":\"Organization\",\"@id\":\"https:\\\/\\\/www.botanicoir.com\\\/#organization\",\"name\":\"Botanicoir\",\"url\":\"https:\\\/\\\/www.botanicoir.com\\\/\",\"logo\":{\"@type\":\"ImageObject\",\"inLanguage\":\"fr-FR\",\"@id\":\"https:\\\/\\\/www.botanicoir.com\\\/#\\\/schema\\\/logo\\\/image\\\/\",\"url\":\"https:\\\/\\\/www.botanicoir.com\\\/wp-content\\\/uploads\\\/2020\\\/06\\\/botanicoir-logo.png\",\"contentUrl\":\"https:\\\/\\\/www.botanicoir.com\\\/wp-content\\\/uploads\\\/2020\\\/06\\\/botanicoir-logo.png\",\"width\":229,\"height\":81,\"caption\":\"Botanicoir\"},\"image\":{\"@id\":\"https:\\\/\\\/www.botanicoir.com\\\/#\\\/schema\\\/logo\\\/image\\\/\"}}]}<\/script>\n<!-- \/ Yoast SEO plugin. -->","yoast_head_json":{"title":"Photo Gallery: Botanicoir: Producers of Quality Cocopeat","description":"View a selection of photos in the Botanicoir gallery. Images showcasing our products and giving insight into our company, people and production of our coir.","robots":{"index":"index","follow":"follow","max-snippet":"max-snippet:-1","max-image-preview":"max-image-preview:large","max-video-preview":"max-video-preview:-1"},"canonical":"https:\/\/www.botanicoir.com\/fr\/gallery\/","og_locale":"fr_FR","og_type":"article","og_title":"Photo Gallery: Botanicoir: Producers of Quality Cocopeat","og_description":"View a selection of photos in the Botanicoir gallery. Images showcasing our products and giving insight into our company, people and production of our coir.","og_url":"https:\/\/www.botanicoir.com\/fr\/gallery\/","og_site_name":"Botanicoir","article_modified_time":"2021-05-30T12:47:33+00:00","og_image":[{"width":1600,"height":568,"url":"https:\/\/www.botanicoir.com\/wp-content\/uploads\/2020\/06\/gallery.jpg","type":"image\/jpeg"}],"twitter_card":"summary_large_image","twitter_misc":{"Dur\u00e9e de lecture estim\u00e9e":"1 minute"},"schema":{"@context":"https:\/\/schema.org","@graph":[{"@type":"WebPage","@id":"https:\/\/www.botanicoir.com\/gallery\/","url":"https:\/\/www.botanicoir.com\/gallery\/","name":"Photo Gallery: Botanicoir: Producers of Quality Cocopeat","isPartOf":{"@id":"https:\/\/www.botanicoir.com\/#website"},"primaryImageOfPage":{"@id":"https:\/\/www.botanicoir.com\/gallery\/#primaryimage"},"image":{"@id":"https:\/\/www.botanicoir.com\/gallery\/#primaryimage"},"thumbnailUrl":"https:\/\/www.botanicoir.com\/wp-content\/uploads\/2020\/06\/gallery.jpg","datePublished":"2020-06-03T09:13:35+00:00","dateModified":"2021-05-30T12:47:33+00:00","description":"View a selection of photos in the Botanicoir gallery. Images showcasing our products and giving insight into our company, people and production of our coir.","breadcrumb":{"@id":"https:\/\/www.botanicoir.com\/gallery\/#breadcrumb"},"inLanguage":"fr-FR","potentialAction":[{"@type":"ReadAction","target":["https:\/\/www.botanicoir.com\/gallery\/"]}]},{"@type":"ImageObject","inLanguage":"fr-FR","@id":"https:\/\/www.botanicoir.com\/gallery\/#primaryimage","url":"https:\/\/www.botanicoir.com\/wp-content\/uploads\/2020\/06\/gallery.jpg","contentUrl":"https:\/\/www.botanicoir.com\/wp-content\/uploads\/2020\/06\/gallery.jpg","width":1600,"height":568,"caption":"Gallery"},{"@type":"BreadcrumbList","@id":"https:\/\/www.botanicoir.com\/gallery\/#breadcrumb","itemListElement":[{"@type":"ListItem","position":1,"name":"Home","item":"https:\/\/www.botanicoir.com\/"},{"@type":"ListItem","position":2,"name":"Gallery"}]},{"@type":"WebSite","@id":"https:\/\/www.botanicoir.com\/#website","url":"https:\/\/www.botanicoir.com\/","name":"Botanicoir","description":"","publisher":{"@id":"https:\/\/www.botanicoir.com\/#organization"},"potentialAction":[{"@type":"SearchAction","target":{"@type":"EntryPoint","urlTemplate":"https:\/\/www.botanicoir.com\/?s={search_term_string}"},"query-input":{"@type":"PropertyValueSpecification","valueRequired":true,"valueName":"search_term_string"}}],"inLanguage":"fr-FR"},{"@type":"Organization","@id":"https:\/\/www.botanicoir.com\/#organization","name":"Botanicoir","url":"https:\/\/www.botanicoir.com\/","logo":{"@type":"ImageObject","inLanguage":"fr-FR","@id":"https:\/\/www.botanicoir.com\/#\/schema\/logo\/image\/","url":"https:\/\/www.botanicoir.com\/wp-content\/uploads\/2020\/06\/botanicoir-logo.png","contentUrl":"https:\/\/www.botanicoir.com\/wp-content\/uploads\/2020\/06\/botanicoir-logo.png","width":229,"height":81,"caption":"Botanicoir"},"image":{"@id":"https:\/\/www.botanicoir.com\/#\/schema\/logo\/image\/"}}]}},"_links":{"self":[{"href":"https:\/\/www.botanicoir.com\/fr\/wp-json\/wp\/v2\/pages\/358","targetHints":{"allow":["GET"]}}],"collection":[{"href":"https:\/\/www.botanicoir.com\/fr\/wp-json\/wp\/v2\/pages"}],"about":[{"href":"https:\/\/www.botanicoir.com\/fr\/wp-json\/wp\/v2\/types\/page"}],"author":[{"embeddable":true,"href":"https:\/\/www.botanicoir.com\/fr\/wp-json\/wp\/v2\/users\/1"}],"replies":[{"embeddable":true,"href":"https:\/\/www.botanicoir.com\/fr\/wp-json\/wp\/v2\/comments?post=358"}],"version-history":[{"count":0,"href":"https:\/\/www.botanicoir.com\/fr\/wp-json\/wp\/v2\/pages\/358\/revisions"}],"wp:featuredmedia":[{"embeddable":true,"href":"https:\/\/www.botanicoir.com\/fr\/wp-json\/wp\/v2\/media\/497"}],"wp:attachment":[{"href":"https:\/\/www.botanicoir.com\/fr\/wp-json\/wp\/v2\/media?parent=358"}],"curies":[{"name":"wp","href":"https:\/\/api.w.org\/{rel}","templated":true}]}}