{"id":580,"date":"2020-08-25T14:57:34","date_gmt":"2020-08-25T13:57:34","guid":{"rendered":"https:\/\/www.botanicoir.com\/?page_id=580"},"modified":"2020-08-25T15:22:39","modified_gmt":"2020-08-25T14:22:39","slug":"videos","status":"publish","type":"page","link":"https:\/\/www.botanicoir.com\/fr\/gallery\/videos\/","title":{"rendered":"Vid\u00e9os"},"content":{"rendered":"<p id=\"intropara\">Vous trouverez ici une s\u00e9lection de vid\u00e9os qui pr\u00e9sentent nos produits, nos partenaires et vous donnent un aper\u00e7u visuel de notre entreprise, de ses gens et de la production de nos supports de culture de coco<\/p>\n\n\n\n<div id=\"wpv-view-layout-589\" class=\"js-wpv-view-layout js-wpv-layout-responsive js-wpv-view-layout-589\" data-viewnumber=\"589\" data-pagination=\"{&quot;id&quot;:&quot;589&quot;,&quot;query&quot;:&quot;normal&quot;,&quot;type&quot;:&quot;disabled&quot;,&quot;effect&quot;:&quot;fade&quot;,&quot;duration&quot;:500,&quot;speed&quot;:5,&quot;pause_on_hover&quot;:&quot;disabled&quot;,&quot;stop_rollover&quot;:&quot;false&quot;,&quot;cache_pages&quot;:&quot;enabled&quot;,&quot;preload_images&quot;:&quot;enabled&quot;,&quot;preload_pages&quot;:&quot;enabled&quot;,&quot;preload_reach&quot;:1,&quot;spinner&quot;:&quot;builtin&quot;,&quot;spinner_image&quot;:&quot;https:\/\/www.botanicoir.com\/wp-content\/plugins\/wp-views\/embedded\/res\/img\/ajax-loader.gif&quot;,&quot;callback_next&quot;:&quot;&quot;,&quot;manage_history&quot;:&quot;enabled&quot;,&quot;has_controls_in_form&quot;:&quot;disabled&quot;,&quot;infinite_tolerance&quot;:&quot;0&quot;,&quot;max_pages&quot;:0,&quot;page&quot;:1,&quot;base_permalink&quot;:&quot;\/fr\/wp-json\/wp\/v2\/pages\/580?wpv_view_count=589&amp;wpv_paged=WPV_PAGE_NUM&quot;,&quot;loop&quot;:{&quot;type&quot;:&quot;&quot;,&quot;name&quot;:&quot;&quot;,&quot;data&quot;:[],&quot;id&quot;:0}}\" data-permalink=\"\/fr\/wp-json\/wp\/v2\/pages\/580?wpv_view_count=589\">\n\n\t\n\t\n\t<ul class=\"wpv-loop js-wpv-loop videoslist\">\n\t\t\n\t\t\t<li><p><iframe title=\"Growers Experience with Botanicoir products\" width=\"500\" height=\"281\" src=\"https:\/\/www.youtube.com\/embed\/AfUUk1-hdYM?feature=oembed\" frameborder=\"0\" allow=\"accelerometer; autoplay; clipboard-write; encrypted-media; gyroscope; picture-in-picture; web-share\" referrerpolicy=\"strict-origin-when-cross-origin\" allowfullscreen><\/iframe><\/p>\n\n<h2>Exp\u00e9riences des producteurs<\/h2>\n<p>Sandy Booth, Kevin Reeves, Ben Drummond et Andy Roe parlent de leurs exp\u00e9riences avec Botanicoir.<\/p>\n<\/li>\n\t\t\n\t\t\t<li><p><iframe title=\"Video Botanicoir Animation international APP\" width=\"500\" height=\"281\" src=\"https:\/\/www.youtube.com\/embed\/V0rV7gEWyvU?feature=oembed\" frameborder=\"0\" allow=\"accelerometer; autoplay; clipboard-write; encrypted-media; gyroscope; picture-in-picture; web-share\" referrerpolicy=\"strict-origin-when-cross-origin\" allowfullscreen><\/iframe><\/p>\n\n<h2>Precision Plus Ultra: une vue anim\u00e9e<\/h2>\n<p>Une animation pr\u00e9sentant Precision Plus Ultra et les avantages qu&#039;elle apporte pour les cultures de fruits rouges.<\/p>\n<\/li>\n\t\t\n\t<\/ul>\n\t\n\t\n\t\n<\/div>","protected":false},"excerpt":{"rendered":"<p>Vous trouverez ici une s\u00e9lection de vid\u00e9os qui pr\u00e9sentent nos produits, nos partenaires et vous donnent un aper\u00e7u visuel de notre entreprise, de ses gens et de la production de nos supports de culture de coco<\/p>","protected":false},"author":1,"featured_media":497,"parent":358,"menu_order":0,"comment_status":"closed","ping_status":"closed","template":"","meta":{"footnotes":""},"class_list":["post-580","page","type-page","status-publish","has-post-thumbnail","hentry"],"yoast_head":"<!-- This site is optimized with the Yoast SEO plugin v27.4 - https:\/\/yoast.com\/product\/yoast-seo-wordpress\/ -->\n<title>Videos - Botanicoir<\/title>\n<meta name=\"robots\" content=\"index, follow, max-snippet:-1, max-image-preview:large, max-video-preview:-1\" \/>\n<link rel=\"canonical\" href=\"https:\/\/www.botanicoir.com\/fr\/gallery\/videos\/\" \/>\n<meta property=\"og:locale\" content=\"fr_FR\" \/>\n<meta property=\"og:type\" content=\"article\" \/>\n<meta property=\"og:title\" content=\"Videos - Botanicoir\" \/>\n<meta property=\"og:description\" content=\"Here you&#8217;ll find a selection of videos that showcase our products, partners and give you a visual insight into our company, it&#8217;s people and production of our coir growing media\" \/>\n<meta property=\"og:url\" content=\"https:\/\/www.botanicoir.com\/fr\/gallery\/videos\/\" \/>\n<meta property=\"og:site_name\" content=\"Botanicoir\" \/>\n<meta property=\"article:modified_time\" content=\"2020-08-25T14:22:39+00:00\" \/>\n<meta property=\"og:image\" content=\"https:\/\/www.botanicoir.com\/wp-content\/uploads\/2020\/06\/gallery.jpg\" \/>\n\t<meta property=\"og:image:width\" content=\"1600\" \/>\n\t<meta property=\"og:image:height\" content=\"568\" \/>\n\t<meta property=\"og:image:type\" content=\"image\/jpeg\" \/>\n<meta name=\"twitter:card\" content=\"summary_large_image\" \/>\n<script type=\"application\/ld+json\" class=\"yoast-schema-graph\">{\"@context\":\"https:\\\/\\\/schema.org\",\"@graph\":[{\"@type\":\"WebPage\",\"@id\":\"https:\\\/\\\/www.botanicoir.com\\\/gallery\\\/videos\\\/\",\"url\":\"https:\\\/\\\/www.botanicoir.com\\\/gallery\\\/videos\\\/\",\"name\":\"Videos - Botanicoir\",\"isPartOf\":{\"@id\":\"https:\\\/\\\/www.botanicoir.com\\\/#website\"},\"primaryImageOfPage\":{\"@id\":\"https:\\\/\\\/www.botanicoir.com\\\/gallery\\\/videos\\\/#primaryimage\"},\"image\":{\"@id\":\"https:\\\/\\\/www.botanicoir.com\\\/gallery\\\/videos\\\/#primaryimage\"},\"thumbnailUrl\":\"https:\\\/\\\/www.botanicoir.com\\\/wp-content\\\/uploads\\\/2020\\\/06\\\/gallery.jpg\",\"datePublished\":\"2020-08-25T13:57:34+00:00\",\"dateModified\":\"2020-08-25T14:22:39+00:00\",\"breadcrumb\":{\"@id\":\"https:\\\/\\\/www.botanicoir.com\\\/gallery\\\/videos\\\/#breadcrumb\"},\"inLanguage\":\"fr-FR\",\"potentialAction\":[{\"@type\":\"ReadAction\",\"target\":[\"https:\\\/\\\/www.botanicoir.com\\\/gallery\\\/videos\\\/\"]}]},{\"@type\":\"ImageObject\",\"inLanguage\":\"fr-FR\",\"@id\":\"https:\\\/\\\/www.botanicoir.com\\\/gallery\\\/videos\\\/#primaryimage\",\"url\":\"https:\\\/\\\/www.botanicoir.com\\\/wp-content\\\/uploads\\\/2020\\\/06\\\/gallery.jpg\",\"contentUrl\":\"https:\\\/\\\/www.botanicoir.com\\\/wp-content\\\/uploads\\\/2020\\\/06\\\/gallery.jpg\",\"width\":1600,\"height\":568,\"caption\":\"Gallery\"},{\"@type\":\"BreadcrumbList\",\"@id\":\"https:\\\/\\\/www.botanicoir.com\\\/gallery\\\/videos\\\/#breadcrumb\",\"itemListElement\":[{\"@type\":\"ListItem\",\"position\":1,\"name\":\"Home\",\"item\":\"https:\\\/\\\/www.botanicoir.com\\\/\"},{\"@type\":\"ListItem\",\"position\":2,\"name\":\"Gallery\",\"item\":\"https:\\\/\\\/www.botanicoir.com\\\/gallery\\\/\"},{\"@type\":\"ListItem\",\"position\":3,\"name\":\"Videos\"}]},{\"@type\":\"WebSite\",\"@id\":\"https:\\\/\\\/www.botanicoir.com\\\/#website\",\"url\":\"https:\\\/\\\/www.botanicoir.com\\\/\",\"name\":\"Botanicoir\",\"description\":\"\",\"publisher\":{\"@id\":\"https:\\\/\\\/www.botanicoir.com\\\/#organization\"},\"potentialAction\":[{\"@type\":\"SearchAction\",\"target\":{\"@type\":\"EntryPoint\",\"urlTemplate\":\"https:\\\/\\\/www.botanicoir.com\\\/?s={search_term_string}\"},\"query-input\":{\"@type\":\"PropertyValueSpecification\",\"valueRequired\":true,\"valueName\":\"search_term_string\"}}],\"inLanguage\":\"fr-FR\"},{\"@type\":\"Organization\",\"@id\":\"https:\\\/\\\/www.botanicoir.com\\\/#organization\",\"name\":\"Botanicoir\",\"url\":\"https:\\\/\\\/www.botanicoir.com\\\/\",\"logo\":{\"@type\":\"ImageObject\",\"inLanguage\":\"fr-FR\",\"@id\":\"https:\\\/\\\/www.botanicoir.com\\\/#\\\/schema\\\/logo\\\/image\\\/\",\"url\":\"https:\\\/\\\/www.botanicoir.com\\\/wp-content\\\/uploads\\\/2020\\\/06\\\/botanicoir-logo.png\",\"contentUrl\":\"https:\\\/\\\/www.botanicoir.com\\\/wp-content\\\/uploads\\\/2020\\\/06\\\/botanicoir-logo.png\",\"width\":229,\"height\":81,\"caption\":\"Botanicoir\"},\"image\":{\"@id\":\"https:\\\/\\\/www.botanicoir.com\\\/#\\\/schema\\\/logo\\\/image\\\/\"}}]}<\/script>\n<!-- \/ Yoast SEO plugin. -->","yoast_head_json":{"title":"Videos - Botanicoir","robots":{"index":"index","follow":"follow","max-snippet":"max-snippet:-1","max-image-preview":"max-image-preview:large","max-video-preview":"max-video-preview:-1"},"canonical":"https:\/\/www.botanicoir.com\/fr\/gallery\/videos\/","og_locale":"fr_FR","og_type":"article","og_title":"Videos - Botanicoir","og_description":"Here you&#8217;ll find a selection of videos that showcase our products, partners and give you a visual insight into our company, it&#8217;s people and production of our coir growing media","og_url":"https:\/\/www.botanicoir.com\/fr\/gallery\/videos\/","og_site_name":"Botanicoir","article_modified_time":"2020-08-25T14:22:39+00:00","og_image":[{"width":1600,"height":568,"url":"https:\/\/www.botanicoir.com\/wp-content\/uploads\/2020\/06\/gallery.jpg","type":"image\/jpeg"}],"twitter_card":"summary_large_image","schema":{"@context":"https:\/\/schema.org","@graph":[{"@type":"WebPage","@id":"https:\/\/www.botanicoir.com\/gallery\/videos\/","url":"https:\/\/www.botanicoir.com\/gallery\/videos\/","name":"Videos - Botanicoir","isPartOf":{"@id":"https:\/\/www.botanicoir.com\/#website"},"primaryImageOfPage":{"@id":"https:\/\/www.botanicoir.com\/gallery\/videos\/#primaryimage"},"image":{"@id":"https:\/\/www.botanicoir.com\/gallery\/videos\/#primaryimage"},"thumbnailUrl":"https:\/\/www.botanicoir.com\/wp-content\/uploads\/2020\/06\/gallery.jpg","datePublished":"2020-08-25T13:57:34+00:00","dateModified":"2020-08-25T14:22:39+00:00","breadcrumb":{"@id":"https:\/\/www.botanicoir.com\/gallery\/videos\/#breadcrumb"},"inLanguage":"fr-FR","potentialAction":[{"@type":"ReadAction","target":["https:\/\/www.botanicoir.com\/gallery\/videos\/"]}]},{"@type":"ImageObject","inLanguage":"fr-FR","@id":"https:\/\/www.botanicoir.com\/gallery\/videos\/#primaryimage","url":"https:\/\/www.botanicoir.com\/wp-content\/uploads\/2020\/06\/gallery.jpg","contentUrl":"https:\/\/www.botanicoir.com\/wp-content\/uploads\/2020\/06\/gallery.jpg","width":1600,"height":568,"caption":"Gallery"},{"@type":"BreadcrumbList","@id":"https:\/\/www.botanicoir.com\/gallery\/videos\/#breadcrumb","itemListElement":[{"@type":"ListItem","position":1,"name":"Home","item":"https:\/\/www.botanicoir.com\/"},{"@type":"ListItem","position":2,"name":"Gallery","item":"https:\/\/www.botanicoir.com\/gallery\/"},{"@type":"ListItem","position":3,"name":"Videos"}]},{"@type":"WebSite","@id":"https:\/\/www.botanicoir.com\/#website","url":"https:\/\/www.botanicoir.com\/","name":"Botanicoir","description":"","publisher":{"@id":"https:\/\/www.botanicoir.com\/#organization"},"potentialAction":[{"@type":"SearchAction","target":{"@type":"EntryPoint","urlTemplate":"https:\/\/www.botanicoir.com\/?s={search_term_string}"},"query-input":{"@type":"PropertyValueSpecification","valueRequired":true,"valueName":"search_term_string"}}],"inLanguage":"fr-FR"},{"@type":"Organization","@id":"https:\/\/www.botanicoir.com\/#organization","name":"Botanicoir","url":"https:\/\/www.botanicoir.com\/","logo":{"@type":"ImageObject","inLanguage":"fr-FR","@id":"https:\/\/www.botanicoir.com\/#\/schema\/logo\/image\/","url":"https:\/\/www.botanicoir.com\/wp-content\/uploads\/2020\/06\/botanicoir-logo.png","contentUrl":"https:\/\/www.botanicoir.com\/wp-content\/uploads\/2020\/06\/botanicoir-logo.png","width":229,"height":81,"caption":"Botanicoir"},"image":{"@id":"https:\/\/www.botanicoir.com\/#\/schema\/logo\/image\/"}}]}},"_links":{"self":[{"href":"https:\/\/www.botanicoir.com\/fr\/wp-json\/wp\/v2\/pages\/580","targetHints":{"allow":["GET"]}}],"collection":[{"href":"https:\/\/www.botanicoir.com\/fr\/wp-json\/wp\/v2\/pages"}],"about":[{"href":"https:\/\/www.botanicoir.com\/fr\/wp-json\/wp\/v2\/types\/page"}],"author":[{"embeddable":true,"href":"https:\/\/www.botanicoir.com\/fr\/wp-json\/wp\/v2\/users\/1"}],"replies":[{"embeddable":true,"href":"https:\/\/www.botanicoir.com\/fr\/wp-json\/wp\/v2\/comments?post=580"}],"version-history":[{"count":0,"href":"https:\/\/www.botanicoir.com\/fr\/wp-json\/wp\/v2\/pages\/580\/revisions"}],"up":[{"embeddable":true,"href":"https:\/\/www.botanicoir.com\/fr\/wp-json\/wp\/v2\/pages\/358"}],"wp:featuredmedia":[{"embeddable":true,"href":"https:\/\/www.botanicoir.com\/fr\/wp-json\/wp\/v2\/media\/497"}],"wp:attachment":[{"href":"https:\/\/www.botanicoir.com\/fr\/wp-json\/wp\/v2\/media?parent=580"}],"curies":[{"name":"wp","href":"https:\/\/api.w.org\/{rel}","templated":true}]}}