{"id":144,"date":"2020-05-04T13:57:35","date_gmt":"2020-05-04T12:57:35","guid":{"rendered":"https:\/\/www.wfd2.co.uk\/btwp\/?post_type=product&#038;p=144"},"modified":"2020-06-23T16:43:46","modified_gmt":"2020-06-23T15:43:46","slug":"blueberry","status":"publish","type":"product","link":"https:\/\/www.botanicoir.com\/fr\/product\/blueberry\/","title":{"rendered":"Myrtille"},"content":{"rendered":"<p>Nous avons une gamme d&#039;options de cocopeat 100% disponibles pour les cultures de myrtilles et notre propre production au Sri Lanka et en Inde signifie que nous pouvons fabriquer des produits qui conviennent aux diff\u00e9rentes vari\u00e9t\u00e9s, conditions climatiques et exigences des producteurs. Nos techniques de production uniques garantissent que les blocs de substrat pour les myrtilles sont bien drain\u00e9s et homog\u00e8nes dans toute la zone de culture pour faciliter les strat\u00e9gies d&#039;irrigation. Tous les m\u00e9langes, dimensions et plastiques peuvent \u00eatre personnalis\u00e9s pour r\u00e9pondre aux exigences individuelles.<\/p>","protected":false},"featured_media":494,"menu_order":7,"template":"","format":[36,35],"specification":[37],"contact":[21],"product-category":[39],"class_list":["post-144","product","type-product","status-publish","has-post-thumbnail","hentry","format-naked-slabs-blueberry","format-open-top-containers-blueberry","specification-blueberry-mix","contact-charlotte-millen","product-category-soft-fruit"],"yoast_head":"<!-- This site is optimized with the Yoast SEO plugin v27.4 - https:\/\/yoast.com\/product\/yoast-seo-wordpress\/ -->\n<title>Blueberry Plant Coir Products - Soft Fruit - Botanicoir<\/title>\n<meta name=\"description\" content=\"We have a range of cocopeat options available for blueberry crops that suit differing variety, climatic and grower requirements.\" \/>\n<meta name=\"robots\" content=\"index, follow, max-snippet:-1, max-image-preview:large, max-video-preview:-1\" \/>\n<link rel=\"canonical\" href=\"https:\/\/www.botanicoir.com\/fr\/product\/blueberry\/\" \/>\n<meta property=\"og:locale\" content=\"fr_FR\" \/>\n<meta property=\"og:type\" content=\"article\" \/>\n<meta property=\"og:title\" content=\"Blueberry Plant Coir Products - Soft Fruit - Botanicoir\" \/>\n<meta property=\"og:description\" content=\"We have a range of cocopeat options available for blueberry crops that suit differing variety, climatic and grower requirements.\" \/>\n<meta property=\"og:url\" content=\"https:\/\/www.botanicoir.com\/fr\/product\/blueberry\/\" \/>\n<meta property=\"og:site_name\" content=\"Botanicoir\" \/>\n<meta property=\"article:modified_time\" content=\"2020-06-23T15:43:46+00:00\" \/>\n<meta property=\"og:image\" content=\"https:\/\/www.botanicoir.com\/wp-content\/uploads\/2020\/05\/blueberry.jpg\" \/>\n\t<meta property=\"og:image:width\" content=\"1600\" \/>\n\t<meta property=\"og:image:height\" content=\"568\" \/>\n\t<meta property=\"og:image:type\" content=\"image\/jpeg\" \/>\n<meta name=\"twitter:card\" content=\"summary_large_image\" \/>\n<script type=\"application\/ld+json\" class=\"yoast-schema-graph\">{\"@context\":\"https:\\\/\\\/schema.org\",\"@graph\":[{\"@type\":\"WebPage\",\"@id\":\"https:\\\/\\\/www.botanicoir.com\\\/fr\\\/product\\\/blueberry\\\/\",\"url\":\"https:\\\/\\\/www.botanicoir.com\\\/fr\\\/product\\\/blueberry\\\/\",\"name\":\"Blueberry Plant Coir Products - Soft Fruit - Botanicoir\",\"isPartOf\":{\"@id\":\"https:\\\/\\\/www.botanicoir.com\\\/#website\"},\"primaryImageOfPage\":{\"@id\":\"https:\\\/\\\/www.botanicoir.com\\\/fr\\\/product\\\/blueberry\\\/#primaryimage\"},\"image\":{\"@id\":\"https:\\\/\\\/www.botanicoir.com\\\/fr\\\/product\\\/blueberry\\\/#primaryimage\"},\"thumbnailUrl\":\"https:\\\/\\\/www.botanicoir.com\\\/wp-content\\\/uploads\\\/2020\\\/05\\\/blueberry.jpg\",\"datePublished\":\"2020-05-04T12:57:35+00:00\",\"dateModified\":\"2020-06-23T15:43:46+00:00\",\"description\":\"We have a range of cocopeat options available for blueberry crops that suit differing variety, climatic and grower requirements.\",\"breadcrumb\":{\"@id\":\"https:\\\/\\\/www.botanicoir.com\\\/fr\\\/product\\\/blueberry\\\/#breadcrumb\"},\"inLanguage\":\"fr-FR\",\"potentialAction\":[{\"@type\":\"ReadAction\",\"target\":[\"https:\\\/\\\/www.botanicoir.com\\\/fr\\\/product\\\/blueberry\\\/\"]}]},{\"@type\":\"ImageObject\",\"inLanguage\":\"fr-FR\",\"@id\":\"https:\\\/\\\/www.botanicoir.com\\\/fr\\\/product\\\/blueberry\\\/#primaryimage\",\"url\":\"https:\\\/\\\/www.botanicoir.com\\\/wp-content\\\/uploads\\\/2020\\\/05\\\/blueberry.jpg\",\"contentUrl\":\"https:\\\/\\\/www.botanicoir.com\\\/wp-content\\\/uploads\\\/2020\\\/05\\\/blueberry.jpg\",\"width\":1600,\"height\":568,\"caption\":\"Blueberry\"},{\"@type\":\"BreadcrumbList\",\"@id\":\"https:\\\/\\\/www.botanicoir.com\\\/fr\\\/product\\\/blueberry\\\/#breadcrumb\",\"itemListElement\":[{\"@type\":\"ListItem\",\"position\":1,\"name\":\"Home\",\"item\":\"https:\\\/\\\/www.botanicoir.com\\\/\"},{\"@type\":\"ListItem\",\"position\":2,\"name\":\"Products\",\"item\":\"https:\\\/\\\/www.botanicoir.com\\\/product\\\/\"},{\"@type\":\"ListItem\",\"position\":3,\"name\":\"Blueberry\"}]},{\"@type\":\"WebSite\",\"@id\":\"https:\\\/\\\/www.botanicoir.com\\\/#website\",\"url\":\"https:\\\/\\\/www.botanicoir.com\\\/\",\"name\":\"Botanicoir\",\"description\":\"\",\"publisher\":{\"@id\":\"https:\\\/\\\/www.botanicoir.com\\\/#organization\"},\"potentialAction\":[{\"@type\":\"SearchAction\",\"target\":{\"@type\":\"EntryPoint\",\"urlTemplate\":\"https:\\\/\\\/www.botanicoir.com\\\/?s={search_term_string}\"},\"query-input\":{\"@type\":\"PropertyValueSpecification\",\"valueRequired\":true,\"valueName\":\"search_term_string\"}}],\"inLanguage\":\"fr-FR\"},{\"@type\":\"Organization\",\"@id\":\"https:\\\/\\\/www.botanicoir.com\\\/#organization\",\"name\":\"Botanicoir\",\"url\":\"https:\\\/\\\/www.botanicoir.com\\\/\",\"logo\":{\"@type\":\"ImageObject\",\"inLanguage\":\"fr-FR\",\"@id\":\"https:\\\/\\\/www.botanicoir.com\\\/#\\\/schema\\\/logo\\\/image\\\/\",\"url\":\"https:\\\/\\\/www.botanicoir.com\\\/wp-content\\\/uploads\\\/2020\\\/06\\\/botanicoir-logo.png\",\"contentUrl\":\"https:\\\/\\\/www.botanicoir.com\\\/wp-content\\\/uploads\\\/2020\\\/06\\\/botanicoir-logo.png\",\"width\":229,\"height\":81,\"caption\":\"Botanicoir\"},\"image\":{\"@id\":\"https:\\\/\\\/www.botanicoir.com\\\/#\\\/schema\\\/logo\\\/image\\\/\"}}]}<\/script>\n<!-- \/ Yoast SEO plugin. -->","yoast_head_json":{"title":"Blueberry Plant Coir Products - Soft Fruit - Botanicoir","description":"We have a range of cocopeat options available for blueberry crops that suit differing variety, climatic and grower requirements.","robots":{"index":"index","follow":"follow","max-snippet":"max-snippet:-1","max-image-preview":"max-image-preview:large","max-video-preview":"max-video-preview:-1"},"canonical":"https:\/\/www.botanicoir.com\/fr\/product\/blueberry\/","og_locale":"fr_FR","og_type":"article","og_title":"Blueberry Plant Coir Products - Soft Fruit - Botanicoir","og_description":"We have a range of cocopeat options available for blueberry crops that suit differing variety, climatic and grower requirements.","og_url":"https:\/\/www.botanicoir.com\/fr\/product\/blueberry\/","og_site_name":"Botanicoir","article_modified_time":"2020-06-23T15:43:46+00:00","og_image":[{"width":1600,"height":568,"url":"https:\/\/www.botanicoir.com\/wp-content\/uploads\/2020\/05\/blueberry.jpg","type":"image\/jpeg"}],"twitter_card":"summary_large_image","schema":{"@context":"https:\/\/schema.org","@graph":[{"@type":"WebPage","@id":"https:\/\/www.botanicoir.com\/fr\/product\/blueberry\/","url":"https:\/\/www.botanicoir.com\/fr\/product\/blueberry\/","name":"Blueberry Plant Coir Products - Soft Fruit - Botanicoir","isPartOf":{"@id":"https:\/\/www.botanicoir.com\/#website"},"primaryImageOfPage":{"@id":"https:\/\/www.botanicoir.com\/fr\/product\/blueberry\/#primaryimage"},"image":{"@id":"https:\/\/www.botanicoir.com\/fr\/product\/blueberry\/#primaryimage"},"thumbnailUrl":"https:\/\/www.botanicoir.com\/wp-content\/uploads\/2020\/05\/blueberry.jpg","datePublished":"2020-05-04T12:57:35+00:00","dateModified":"2020-06-23T15:43:46+00:00","description":"We have a range of cocopeat options available for blueberry crops that suit differing variety, climatic and grower requirements.","breadcrumb":{"@id":"https:\/\/www.botanicoir.com\/fr\/product\/blueberry\/#breadcrumb"},"inLanguage":"fr-FR","potentialAction":[{"@type":"ReadAction","target":["https:\/\/www.botanicoir.com\/fr\/product\/blueberry\/"]}]},{"@type":"ImageObject","inLanguage":"fr-FR","@id":"https:\/\/www.botanicoir.com\/fr\/product\/blueberry\/#primaryimage","url":"https:\/\/www.botanicoir.com\/wp-content\/uploads\/2020\/05\/blueberry.jpg","contentUrl":"https:\/\/www.botanicoir.com\/wp-content\/uploads\/2020\/05\/blueberry.jpg","width":1600,"height":568,"caption":"Blueberry"},{"@type":"BreadcrumbList","@id":"https:\/\/www.botanicoir.com\/fr\/product\/blueberry\/#breadcrumb","itemListElement":[{"@type":"ListItem","position":1,"name":"Home","item":"https:\/\/www.botanicoir.com\/"},{"@type":"ListItem","position":2,"name":"Products","item":"https:\/\/www.botanicoir.com\/product\/"},{"@type":"ListItem","position":3,"name":"Blueberry"}]},{"@type":"WebSite","@id":"https:\/\/www.botanicoir.com\/#website","url":"https:\/\/www.botanicoir.com\/","name":"Botanicoir","description":"","publisher":{"@id":"https:\/\/www.botanicoir.com\/#organization"},"potentialAction":[{"@type":"SearchAction","target":{"@type":"EntryPoint","urlTemplate":"https:\/\/www.botanicoir.com\/?s={search_term_string}"},"query-input":{"@type":"PropertyValueSpecification","valueRequired":true,"valueName":"search_term_string"}}],"inLanguage":"fr-FR"},{"@type":"Organization","@id":"https:\/\/www.botanicoir.com\/#organization","name":"Botanicoir","url":"https:\/\/www.botanicoir.com\/","logo":{"@type":"ImageObject","inLanguage":"fr-FR","@id":"https:\/\/www.botanicoir.com\/#\/schema\/logo\/image\/","url":"https:\/\/www.botanicoir.com\/wp-content\/uploads\/2020\/06\/botanicoir-logo.png","contentUrl":"https:\/\/www.botanicoir.com\/wp-content\/uploads\/2020\/06\/botanicoir-logo.png","width":229,"height":81,"caption":"Botanicoir"},"image":{"@id":"https:\/\/www.botanicoir.com\/#\/schema\/logo\/image\/"}}]}},"_links":{"self":[{"href":"https:\/\/www.botanicoir.com\/fr\/wp-json\/wp\/v2\/product\/144","targetHints":{"allow":["GET"]}}],"collection":[{"href":"https:\/\/www.botanicoir.com\/fr\/wp-json\/wp\/v2\/product"}],"about":[{"href":"https:\/\/www.botanicoir.com\/fr\/wp-json\/wp\/v2\/types\/product"}],"wp:featuredmedia":[{"embeddable":true,"href":"https:\/\/www.botanicoir.com\/fr\/wp-json\/wp\/v2\/media\/494"}],"wp:attachment":[{"href":"https:\/\/www.botanicoir.com\/fr\/wp-json\/wp\/v2\/media?parent=144"}],"wp:term":[{"taxonomy":"format","embeddable":true,"href":"https:\/\/www.botanicoir.com\/fr\/wp-json\/wp\/v2\/format?post=144"},{"taxonomy":"specification","embeddable":true,"href":"https:\/\/www.botanicoir.com\/fr\/wp-json\/wp\/v2\/specification?post=144"},{"taxonomy":"contact","embeddable":true,"href":"https:\/\/www.botanicoir.com\/fr\/wp-json\/wp\/v2\/contact?post=144"},{"taxonomy":"product-category","embeddable":true,"href":"https:\/\/www.botanicoir.com\/fr\/wp-json\/wp\/v2\/product-category?post=144"}],"curies":[{"name":"wp","href":"https:\/\/api.w.org\/{rel}","templated":true}]}}