{"id":142,"date":"2020-05-04T13:57:14","date_gmt":"2020-05-04T12:57:14","guid":{"rendered":"https:\/\/www.wfd2.co.uk\/btwp\/?post_type=product&#038;p=142"},"modified":"2020-06-23T16:40:25","modified_gmt":"2020-06-23T15:40:25","slug":"strawberry","status":"publish","type":"product","link":"https:\/\/www.botanicoir.com\/pl\/product\/strawberry\/","title":{"rendered":"Truskawka"},"content":{"rendered":"<p>Jeste\u015bmy liderem na rynku mat z pod\u0142o\u017cem kokosowym do uprawy truskawek. Ponadto mamy wiele innych dost\u0119pnych opcji dostosowanych do r\u00f3\u017cnych wymaga\u0144. Szczeg\u00f3ln\u0105 uwag\u0119 przyk\u0142adamy do procesu p\u0142ukania i buforowania, dzi\u0119ki czemu maty, kt\u00f3re otrzymujesz maj\u0105 niskie EC i s\u0105 gotowe do rozpocz\u0119cia produkcji. Ponadto cech\u0105 charakterystyczn\u0105 naszych mat jest podwy\u017cszony poziom wapnia, aby zapewni\u0107 m\u0142odym ro\u015blinom lepszy start. Nasze unikalne techniki produkcji zapewniaj\u0105, \u017ce nasze maty wyr\u00f3\u017cniaj\u0105 si\u0119 dobrym drena\u017cem i s\u0105 jednorodne w ca\u0142ej obj\u0119to\u015bci, co znacznie u\u0142atwia prowadzenie uprawy. Jeste\u015bmy w stanie przygotowa\u0107 produkt w zale\u017cno\u015bci od wymaga\u0144 producenta, je\u015bli chodzi o kszta\u0142t, rozmiar czy te\u017c sk\u0142ad samego pod\u0142o\u017ca.<\/p>","protected":false},"featured_media":492,"menu_order":5,"template":"","format":[26,27],"specification":[28],"contact":[21],"product-category":[39],"class_list":["post-142","product","type-product","status-publish","has-post-thumbnail","hentry","format-grow-bags-strawberry","format-naked-slabs-strawberry","specification-strawberry-mix","contact-charlotte-millen","product-category-soft-fruit"],"yoast_head":"<!-- This site is optimized with the Yoast SEO plugin v27.4 - https:\/\/yoast.com\/product\/yoast-seo-wordpress\/ -->\n<title>Strawberry Plant Coir Products - Soft Fruit - Botanicoir<\/title>\n<meta name=\"description\" content=\"We are market leaders for strawberry coir growbags and we have many other options available to suit different requirements.\" \/>\n<meta name=\"robots\" content=\"index, follow, max-snippet:-1, max-image-preview:large, max-video-preview:-1\" \/>\n<link rel=\"canonical\" href=\"https:\/\/www.botanicoir.com\/pl\/product\/strawberry\/\" \/>\n<meta property=\"og:locale\" content=\"pl_PL\" \/>\n<meta property=\"og:type\" content=\"article\" \/>\n<meta property=\"og:title\" content=\"Strawberry Plant Coir Products - Soft Fruit - Botanicoir\" \/>\n<meta property=\"og:description\" content=\"We are market leaders for strawberry coir growbags and we have many other options available to suit different requirements.\" \/>\n<meta property=\"og:url\" content=\"https:\/\/www.botanicoir.com\/pl\/product\/strawberry\/\" \/>\n<meta property=\"og:site_name\" content=\"Botanicoir\" \/>\n<meta property=\"article:modified_time\" content=\"2020-06-23T15:40:25+00:00\" \/>\n<meta property=\"og:image\" content=\"https:\/\/www.botanicoir.com\/wp-content\/uploads\/2020\/05\/strawberry.jpg\" \/>\n\t<meta property=\"og:image:width\" content=\"1600\" \/>\n\t<meta property=\"og:image:height\" content=\"568\" \/>\n\t<meta property=\"og:image:type\" content=\"image\/jpeg\" \/>\n<meta name=\"twitter:card\" content=\"summary_large_image\" \/>\n<script type=\"application\/ld+json\" class=\"yoast-schema-graph\">{\"@context\":\"https:\\\/\\\/schema.org\",\"@graph\":[{\"@type\":\"WebPage\",\"@id\":\"https:\\\/\\\/www.botanicoir.com\\\/product\\\/strawberry\\\/\",\"url\":\"https:\\\/\\\/www.botanicoir.com\\\/product\\\/strawberry\\\/\",\"name\":\"Strawberry Plant Coir Products - Soft Fruit - Botanicoir\",\"isPartOf\":{\"@id\":\"https:\\\/\\\/www.botanicoir.com\\\/#website\"},\"primaryImageOfPage\":{\"@id\":\"https:\\\/\\\/www.botanicoir.com\\\/product\\\/strawberry\\\/#primaryimage\"},\"image\":{\"@id\":\"https:\\\/\\\/www.botanicoir.com\\\/product\\\/strawberry\\\/#primaryimage\"},\"thumbnailUrl\":\"https:\\\/\\\/www.botanicoir.com\\\/wp-content\\\/uploads\\\/2020\\\/05\\\/strawberry.jpg\",\"datePublished\":\"2020-05-04T12:57:14+00:00\",\"dateModified\":\"2020-06-23T15:40:25+00:00\",\"description\":\"We are market leaders for strawberry coir growbags and we have many other options available to suit different requirements.\",\"breadcrumb\":{\"@id\":\"https:\\\/\\\/www.botanicoir.com\\\/product\\\/strawberry\\\/#breadcrumb\"},\"inLanguage\":\"pl-PL\",\"potentialAction\":[{\"@type\":\"ReadAction\",\"target\":[\"https:\\\/\\\/www.botanicoir.com\\\/product\\\/strawberry\\\/\"]}]},{\"@type\":\"ImageObject\",\"inLanguage\":\"pl-PL\",\"@id\":\"https:\\\/\\\/www.botanicoir.com\\\/product\\\/strawberry\\\/#primaryimage\",\"url\":\"https:\\\/\\\/www.botanicoir.com\\\/wp-content\\\/uploads\\\/2020\\\/05\\\/strawberry.jpg\",\"contentUrl\":\"https:\\\/\\\/www.botanicoir.com\\\/wp-content\\\/uploads\\\/2020\\\/05\\\/strawberry.jpg\",\"width\":1600,\"height\":568,\"caption\":\"Strawberry\"},{\"@type\":\"BreadcrumbList\",\"@id\":\"https:\\\/\\\/www.botanicoir.com\\\/product\\\/strawberry\\\/#breadcrumb\",\"itemListElement\":[{\"@type\":\"ListItem\",\"position\":1,\"name\":\"Home\",\"item\":\"https:\\\/\\\/www.botanicoir.com\\\/\"},{\"@type\":\"ListItem\",\"position\":2,\"name\":\"Products\",\"item\":\"https:\\\/\\\/www.botanicoir.com\\\/product\\\/\"},{\"@type\":\"ListItem\",\"position\":3,\"name\":\"Strawberry\"}]},{\"@type\":\"WebSite\",\"@id\":\"https:\\\/\\\/www.botanicoir.com\\\/#website\",\"url\":\"https:\\\/\\\/www.botanicoir.com\\\/\",\"name\":\"Botanicoir\",\"description\":\"\",\"publisher\":{\"@id\":\"https:\\\/\\\/www.botanicoir.com\\\/#organization\"},\"potentialAction\":[{\"@type\":\"SearchAction\",\"target\":{\"@type\":\"EntryPoint\",\"urlTemplate\":\"https:\\\/\\\/www.botanicoir.com\\\/?s={search_term_string}\"},\"query-input\":{\"@type\":\"PropertyValueSpecification\",\"valueRequired\":true,\"valueName\":\"search_term_string\"}}],\"inLanguage\":\"pl-PL\"},{\"@type\":\"Organization\",\"@id\":\"https:\\\/\\\/www.botanicoir.com\\\/#organization\",\"name\":\"Botanicoir\",\"url\":\"https:\\\/\\\/www.botanicoir.com\\\/\",\"logo\":{\"@type\":\"ImageObject\",\"inLanguage\":\"pl-PL\",\"@id\":\"https:\\\/\\\/www.botanicoir.com\\\/#\\\/schema\\\/logo\\\/image\\\/\",\"url\":\"https:\\\/\\\/www.botanicoir.com\\\/wp-content\\\/uploads\\\/2020\\\/06\\\/botanicoir-logo.png\",\"contentUrl\":\"https:\\\/\\\/www.botanicoir.com\\\/wp-content\\\/uploads\\\/2020\\\/06\\\/botanicoir-logo.png\",\"width\":229,\"height\":81,\"caption\":\"Botanicoir\"},\"image\":{\"@id\":\"https:\\\/\\\/www.botanicoir.com\\\/#\\\/schema\\\/logo\\\/image\\\/\"}}]}<\/script>\n<!-- \/ Yoast SEO plugin. -->","yoast_head_json":{"title":"Strawberry Plant Coir Products - Soft Fruit - Botanicoir","description":"We are market leaders for strawberry coir growbags and we have many other options available to suit different requirements.","robots":{"index":"index","follow":"follow","max-snippet":"max-snippet:-1","max-image-preview":"max-image-preview:large","max-video-preview":"max-video-preview:-1"},"canonical":"https:\/\/www.botanicoir.com\/pl\/product\/strawberry\/","og_locale":"pl_PL","og_type":"article","og_title":"Strawberry Plant Coir Products - Soft Fruit - Botanicoir","og_description":"We are market leaders for strawberry coir growbags and we have many other options available to suit different requirements.","og_url":"https:\/\/www.botanicoir.com\/pl\/product\/strawberry\/","og_site_name":"Botanicoir","article_modified_time":"2020-06-23T15:40:25+00:00","og_image":[{"width":1600,"height":568,"url":"https:\/\/www.botanicoir.com\/wp-content\/uploads\/2020\/05\/strawberry.jpg","type":"image\/jpeg"}],"twitter_card":"summary_large_image","schema":{"@context":"https:\/\/schema.org","@graph":[{"@type":"WebPage","@id":"https:\/\/www.botanicoir.com\/product\/strawberry\/","url":"https:\/\/www.botanicoir.com\/product\/strawberry\/","name":"Strawberry Plant Coir Products - Soft Fruit - Botanicoir","isPartOf":{"@id":"https:\/\/www.botanicoir.com\/#website"},"primaryImageOfPage":{"@id":"https:\/\/www.botanicoir.com\/product\/strawberry\/#primaryimage"},"image":{"@id":"https:\/\/www.botanicoir.com\/product\/strawberry\/#primaryimage"},"thumbnailUrl":"https:\/\/www.botanicoir.com\/wp-content\/uploads\/2020\/05\/strawberry.jpg","datePublished":"2020-05-04T12:57:14+00:00","dateModified":"2020-06-23T15:40:25+00:00","description":"We are market leaders for strawberry coir growbags and we have many other options available to suit different requirements.","breadcrumb":{"@id":"https:\/\/www.botanicoir.com\/product\/strawberry\/#breadcrumb"},"inLanguage":"pl-PL","potentialAction":[{"@type":"ReadAction","target":["https:\/\/www.botanicoir.com\/product\/strawberry\/"]}]},{"@type":"ImageObject","inLanguage":"pl-PL","@id":"https:\/\/www.botanicoir.com\/product\/strawberry\/#primaryimage","url":"https:\/\/www.botanicoir.com\/wp-content\/uploads\/2020\/05\/strawberry.jpg","contentUrl":"https:\/\/www.botanicoir.com\/wp-content\/uploads\/2020\/05\/strawberry.jpg","width":1600,"height":568,"caption":"Strawberry"},{"@type":"BreadcrumbList","@id":"https:\/\/www.botanicoir.com\/product\/strawberry\/#breadcrumb","itemListElement":[{"@type":"ListItem","position":1,"name":"Home","item":"https:\/\/www.botanicoir.com\/"},{"@type":"ListItem","position":2,"name":"Products","item":"https:\/\/www.botanicoir.com\/product\/"},{"@type":"ListItem","position":3,"name":"Strawberry"}]},{"@type":"WebSite","@id":"https:\/\/www.botanicoir.com\/#website","url":"https:\/\/www.botanicoir.com\/","name":"Botanicoir","description":"","publisher":{"@id":"https:\/\/www.botanicoir.com\/#organization"},"potentialAction":[{"@type":"SearchAction","target":{"@type":"EntryPoint","urlTemplate":"https:\/\/www.botanicoir.com\/?s={search_term_string}"},"query-input":{"@type":"PropertyValueSpecification","valueRequired":true,"valueName":"search_term_string"}}],"inLanguage":"pl-PL"},{"@type":"Organization","@id":"https:\/\/www.botanicoir.com\/#organization","name":"Botanicoir","url":"https:\/\/www.botanicoir.com\/","logo":{"@type":"ImageObject","inLanguage":"pl-PL","@id":"https:\/\/www.botanicoir.com\/#\/schema\/logo\/image\/","url":"https:\/\/www.botanicoir.com\/wp-content\/uploads\/2020\/06\/botanicoir-logo.png","contentUrl":"https:\/\/www.botanicoir.com\/wp-content\/uploads\/2020\/06\/botanicoir-logo.png","width":229,"height":81,"caption":"Botanicoir"},"image":{"@id":"https:\/\/www.botanicoir.com\/#\/schema\/logo\/image\/"}}]}},"_links":{"self":[{"href":"https:\/\/www.botanicoir.com\/pl\/wp-json\/wp\/v2\/product\/142","targetHints":{"allow":["GET"]}}],"collection":[{"href":"https:\/\/www.botanicoir.com\/pl\/wp-json\/wp\/v2\/product"}],"about":[{"href":"https:\/\/www.botanicoir.com\/pl\/wp-json\/wp\/v2\/types\/product"}],"wp:featuredmedia":[{"embeddable":true,"href":"https:\/\/www.botanicoir.com\/pl\/wp-json\/wp\/v2\/media\/492"}],"wp:attachment":[{"href":"https:\/\/www.botanicoir.com\/pl\/wp-json\/wp\/v2\/media?parent=142"}],"wp:term":[{"taxonomy":"format","embeddable":true,"href":"https:\/\/www.botanicoir.com\/pl\/wp-json\/wp\/v2\/format?post=142"},{"taxonomy":"specification","embeddable":true,"href":"https:\/\/www.botanicoir.com\/pl\/wp-json\/wp\/v2\/specification?post=142"},{"taxonomy":"contact","embeddable":true,"href":"https:\/\/www.botanicoir.com\/pl\/wp-json\/wp\/v2\/contact?post=142"},{"taxonomy":"product-category","embeddable":true,"href":"https:\/\/www.botanicoir.com\/pl\/wp-json\/wp\/v2\/product-category?post=142"}],"curies":[{"name":"wp","href":"https:\/\/api.w.org\/{rel}","templated":true}]}}