{"id":143,"date":"2020-05-04T13:57:26","date_gmt":"2020-05-04T12:57:26","guid":{"rendered":"https:\/\/www.wfd2.co.uk\/btwp\/?post_type=product&#038;p=143"},"modified":"2020-06-23T16:41:38","modified_gmt":"2020-06-23T15:41:38","slug":"raspberry","status":"publish","type":"product","link":"https:\/\/www.botanicoir.com\/pl\/product\/raspberry\/","title":{"rendered":"Malina"},"content":{"rendered":"<p>Posiadamy szereg propozycji dost\u0119pnych dla upraw malin, a posiadanie w\u0142asnych zak\u0142ad\u00f3w produkcyjnych na Sri Lance i w Indiach oznacza, \u017ce mo\u017cemy wytwarza\u0107 produkty, kt\u00f3re odpowiadaj\u0105 r\u00f3\u017cnym wymaganiom producent\u00f3w. Nasze unikalne techniki produkcji zapewniaj\u0105, \u017ce p\u0142ukane i zbuforowane pod\u0142o\u017ce do uprawy malin zapewniaj\u0105 bardzo dobry drena\u017c. S\u0105 jednorodne w ca\u0142ej obj\u0119to\u015bci pod\u0142o\u017ca, co wspomaga strategie nawadniania. Wszystkie mieszanki, wymiary i tworzywa mo\u017cna dostosowa\u0107 do indywidualnych wymaga\u0144.<\/p>","protected":false},"featured_media":493,"menu_order":6,"template":"","format":[20,11],"specification":[25],"contact":[21],"product-category":[39],"class_list":["post-143","product","type-product","status-publish","has-post-thumbnail","hentry","format-naked-slabs-raspberry","format-open-top-containers-raspberry","specification-raspberry-mix","contact-charlotte-millen","product-category-soft-fruit"],"yoast_head":"<!-- This site is optimized with the Yoast SEO plugin v27.4 - https:\/\/yoast.com\/product\/yoast-seo-wordpress\/ -->\n<title>Raspberry Plant Coir Products - Soft Fruit - Botanicoir<\/title>\n<meta name=\"description\" content=\"We have a range of cocopeat options available for raspberry crops that suit differing variety, climatic and grower requirements.\" \/>\n<meta name=\"robots\" content=\"index, follow, max-snippet:-1, max-image-preview:large, max-video-preview:-1\" \/>\n<link rel=\"canonical\" href=\"https:\/\/www.botanicoir.com\/pl\/product\/raspberry\/\" \/>\n<meta property=\"og:locale\" content=\"pl_PL\" \/>\n<meta property=\"og:type\" content=\"article\" \/>\n<meta property=\"og:title\" content=\"Raspberry Plant Coir Products - Soft Fruit - Botanicoir\" \/>\n<meta property=\"og:description\" content=\"We have a range of cocopeat options available for raspberry crops that suit differing variety, climatic and grower requirements.\" \/>\n<meta property=\"og:url\" content=\"https:\/\/www.botanicoir.com\/pl\/product\/raspberry\/\" \/>\n<meta property=\"og:site_name\" content=\"Botanicoir\" \/>\n<meta property=\"article:modified_time\" content=\"2020-06-23T15:41:38+00:00\" \/>\n<meta property=\"og:image\" content=\"https:\/\/www.botanicoir.com\/wp-content\/uploads\/2020\/05\/raspberry.jpg\" \/>\n\t<meta property=\"og:image:width\" content=\"1600\" \/>\n\t<meta property=\"og:image:height\" content=\"568\" \/>\n\t<meta property=\"og:image:type\" content=\"image\/jpeg\" \/>\n<meta name=\"twitter:card\" content=\"summary_large_image\" \/>\n<script type=\"application\/ld+json\" class=\"yoast-schema-graph\">{\"@context\":\"https:\\\/\\\/schema.org\",\"@graph\":[{\"@type\":\"WebPage\",\"@id\":\"https:\\\/\\\/www.botanicoir.com\\\/zh\\\/product\\\/raspberry\\\/\",\"url\":\"https:\\\/\\\/www.botanicoir.com\\\/zh\\\/product\\\/raspberry\\\/\",\"name\":\"Raspberry Plant Coir Products - Soft Fruit - Botanicoir\",\"isPartOf\":{\"@id\":\"https:\\\/\\\/www.botanicoir.com\\\/#website\"},\"primaryImageOfPage\":{\"@id\":\"https:\\\/\\\/www.botanicoir.com\\\/zh\\\/product\\\/raspberry\\\/#primaryimage\"},\"image\":{\"@id\":\"https:\\\/\\\/www.botanicoir.com\\\/zh\\\/product\\\/raspberry\\\/#primaryimage\"},\"thumbnailUrl\":\"https:\\\/\\\/www.botanicoir.com\\\/wp-content\\\/uploads\\\/2020\\\/05\\\/raspberry.jpg\",\"datePublished\":\"2020-05-04T12:57:26+00:00\",\"dateModified\":\"2020-06-23T15:41:38+00:00\",\"description\":\"We have a range of cocopeat options available for raspberry crops that suit differing variety, climatic and grower requirements.\",\"breadcrumb\":{\"@id\":\"https:\\\/\\\/www.botanicoir.com\\\/zh\\\/product\\\/raspberry\\\/#breadcrumb\"},\"inLanguage\":\"pl-PL\",\"potentialAction\":[{\"@type\":\"ReadAction\",\"target\":[\"https:\\\/\\\/www.botanicoir.com\\\/zh\\\/product\\\/raspberry\\\/\"]}]},{\"@type\":\"ImageObject\",\"inLanguage\":\"pl-PL\",\"@id\":\"https:\\\/\\\/www.botanicoir.com\\\/zh\\\/product\\\/raspberry\\\/#primaryimage\",\"url\":\"https:\\\/\\\/www.botanicoir.com\\\/wp-content\\\/uploads\\\/2020\\\/05\\\/raspberry.jpg\",\"contentUrl\":\"https:\\\/\\\/www.botanicoir.com\\\/wp-content\\\/uploads\\\/2020\\\/05\\\/raspberry.jpg\",\"width\":1600,\"height\":568,\"caption\":\"Raspberry\"},{\"@type\":\"BreadcrumbList\",\"@id\":\"https:\\\/\\\/www.botanicoir.com\\\/zh\\\/product\\\/raspberry\\\/#breadcrumb\",\"itemListElement\":[{\"@type\":\"ListItem\",\"position\":1,\"name\":\"Home\",\"item\":\"https:\\\/\\\/www.botanicoir.com\\\/\"},{\"@type\":\"ListItem\",\"position\":2,\"name\":\"Products\",\"item\":\"https:\\\/\\\/www.botanicoir.com\\\/product\\\/\"},{\"@type\":\"ListItem\",\"position\":3,\"name\":\"Raspberry\"}]},{\"@type\":\"WebSite\",\"@id\":\"https:\\\/\\\/www.botanicoir.com\\\/#website\",\"url\":\"https:\\\/\\\/www.botanicoir.com\\\/\",\"name\":\"Botanicoir\",\"description\":\"\",\"publisher\":{\"@id\":\"https:\\\/\\\/www.botanicoir.com\\\/#organization\"},\"potentialAction\":[{\"@type\":\"SearchAction\",\"target\":{\"@type\":\"EntryPoint\",\"urlTemplate\":\"https:\\\/\\\/www.botanicoir.com\\\/?s={search_term_string}\"},\"query-input\":{\"@type\":\"PropertyValueSpecification\",\"valueRequired\":true,\"valueName\":\"search_term_string\"}}],\"inLanguage\":\"pl-PL\"},{\"@type\":\"Organization\",\"@id\":\"https:\\\/\\\/www.botanicoir.com\\\/#organization\",\"name\":\"Botanicoir\",\"url\":\"https:\\\/\\\/www.botanicoir.com\\\/\",\"logo\":{\"@type\":\"ImageObject\",\"inLanguage\":\"pl-PL\",\"@id\":\"https:\\\/\\\/www.botanicoir.com\\\/#\\\/schema\\\/logo\\\/image\\\/\",\"url\":\"https:\\\/\\\/www.botanicoir.com\\\/wp-content\\\/uploads\\\/2020\\\/06\\\/botanicoir-logo.png\",\"contentUrl\":\"https:\\\/\\\/www.botanicoir.com\\\/wp-content\\\/uploads\\\/2020\\\/06\\\/botanicoir-logo.png\",\"width\":229,\"height\":81,\"caption\":\"Botanicoir\"},\"image\":{\"@id\":\"https:\\\/\\\/www.botanicoir.com\\\/#\\\/schema\\\/logo\\\/image\\\/\"}}]}<\/script>\n<!-- \/ Yoast SEO plugin. -->","yoast_head_json":{"title":"Raspberry Plant Coir Products - Soft Fruit - Botanicoir","description":"We have a range of cocopeat options available for raspberry crops that suit differing variety, climatic and grower requirements.","robots":{"index":"index","follow":"follow","max-snippet":"max-snippet:-1","max-image-preview":"max-image-preview:large","max-video-preview":"max-video-preview:-1"},"canonical":"https:\/\/www.botanicoir.com\/pl\/product\/raspberry\/","og_locale":"pl_PL","og_type":"article","og_title":"Raspberry Plant Coir Products - Soft Fruit - Botanicoir","og_description":"We have a range of cocopeat options available for raspberry crops that suit differing variety, climatic and grower requirements.","og_url":"https:\/\/www.botanicoir.com\/pl\/product\/raspberry\/","og_site_name":"Botanicoir","article_modified_time":"2020-06-23T15:41:38+00:00","og_image":[{"width":1600,"height":568,"url":"https:\/\/www.botanicoir.com\/wp-content\/uploads\/2020\/05\/raspberry.jpg","type":"image\/jpeg"}],"twitter_card":"summary_large_image","schema":{"@context":"https:\/\/schema.org","@graph":[{"@type":"WebPage","@id":"https:\/\/www.botanicoir.com\/zh\/product\/raspberry\/","url":"https:\/\/www.botanicoir.com\/zh\/product\/raspberry\/","name":"Raspberry Plant Coir Products - Soft Fruit - Botanicoir","isPartOf":{"@id":"https:\/\/www.botanicoir.com\/#website"},"primaryImageOfPage":{"@id":"https:\/\/www.botanicoir.com\/zh\/product\/raspberry\/#primaryimage"},"image":{"@id":"https:\/\/www.botanicoir.com\/zh\/product\/raspberry\/#primaryimage"},"thumbnailUrl":"https:\/\/www.botanicoir.com\/wp-content\/uploads\/2020\/05\/raspberry.jpg","datePublished":"2020-05-04T12:57:26+00:00","dateModified":"2020-06-23T15:41:38+00:00","description":"We have a range of cocopeat options available for raspberry crops that suit differing variety, climatic and grower requirements.","breadcrumb":{"@id":"https:\/\/www.botanicoir.com\/zh\/product\/raspberry\/#breadcrumb"},"inLanguage":"pl-PL","potentialAction":[{"@type":"ReadAction","target":["https:\/\/www.botanicoir.com\/zh\/product\/raspberry\/"]}]},{"@type":"ImageObject","inLanguage":"pl-PL","@id":"https:\/\/www.botanicoir.com\/zh\/product\/raspberry\/#primaryimage","url":"https:\/\/www.botanicoir.com\/wp-content\/uploads\/2020\/05\/raspberry.jpg","contentUrl":"https:\/\/www.botanicoir.com\/wp-content\/uploads\/2020\/05\/raspberry.jpg","width":1600,"height":568,"caption":"Raspberry"},{"@type":"BreadcrumbList","@id":"https:\/\/www.botanicoir.com\/zh\/product\/raspberry\/#breadcrumb","itemListElement":[{"@type":"ListItem","position":1,"name":"Home","item":"https:\/\/www.botanicoir.com\/"},{"@type":"ListItem","position":2,"name":"Products","item":"https:\/\/www.botanicoir.com\/product\/"},{"@type":"ListItem","position":3,"name":"Raspberry"}]},{"@type":"WebSite","@id":"https:\/\/www.botanicoir.com\/#website","url":"https:\/\/www.botanicoir.com\/","name":"Botanicoir","description":"","publisher":{"@id":"https:\/\/www.botanicoir.com\/#organization"},"potentialAction":[{"@type":"SearchAction","target":{"@type":"EntryPoint","urlTemplate":"https:\/\/www.botanicoir.com\/?s={search_term_string}"},"query-input":{"@type":"PropertyValueSpecification","valueRequired":true,"valueName":"search_term_string"}}],"inLanguage":"pl-PL"},{"@type":"Organization","@id":"https:\/\/www.botanicoir.com\/#organization","name":"Botanicoir","url":"https:\/\/www.botanicoir.com\/","logo":{"@type":"ImageObject","inLanguage":"pl-PL","@id":"https:\/\/www.botanicoir.com\/#\/schema\/logo\/image\/","url":"https:\/\/www.botanicoir.com\/wp-content\/uploads\/2020\/06\/botanicoir-logo.png","contentUrl":"https:\/\/www.botanicoir.com\/wp-content\/uploads\/2020\/06\/botanicoir-logo.png","width":229,"height":81,"caption":"Botanicoir"},"image":{"@id":"https:\/\/www.botanicoir.com\/#\/schema\/logo\/image\/"}}]}},"_links":{"self":[{"href":"https:\/\/www.botanicoir.com\/pl\/wp-json\/wp\/v2\/product\/143","targetHints":{"allow":["GET"]}}],"collection":[{"href":"https:\/\/www.botanicoir.com\/pl\/wp-json\/wp\/v2\/product"}],"about":[{"href":"https:\/\/www.botanicoir.com\/pl\/wp-json\/wp\/v2\/types\/product"}],"wp:featuredmedia":[{"embeddable":true,"href":"https:\/\/www.botanicoir.com\/pl\/wp-json\/wp\/v2\/media\/493"}],"wp:attachment":[{"href":"https:\/\/www.botanicoir.com\/pl\/wp-json\/wp\/v2\/media?parent=143"}],"wp:term":[{"taxonomy":"format","embeddable":true,"href":"https:\/\/www.botanicoir.com\/pl\/wp-json\/wp\/v2\/format?post=143"},{"taxonomy":"specification","embeddable":true,"href":"https:\/\/www.botanicoir.com\/pl\/wp-json\/wp\/v2\/specification?post=143"},{"taxonomy":"contact","embeddable":true,"href":"https:\/\/www.botanicoir.com\/pl\/wp-json\/wp\/v2\/contact?post=143"},{"taxonomy":"product-category","embeddable":true,"href":"https:\/\/www.botanicoir.com\/pl\/wp-json\/wp\/v2\/product-category?post=143"}],"curies":[{"name":"wp","href":"https:\/\/api.w.org\/{rel}","templated":true}]}}