{"id":145,"date":"2020-05-04T13:59:36","date_gmt":"2020-05-04T12:59:36","guid":{"rendered":"https:\/\/www.wfd2.co.uk\/btwp\/?post_type=product&#038;p=145"},"modified":"2020-06-23T16:45:43","modified_gmt":"2020-06-23T15:45:43","slug":"blackberry","status":"publish","type":"product","link":"https:\/\/www.botanicoir.com\/pl\/product\/blackberry\/","title":{"rendered":"Je\u017cyna"},"content":{"rendered":"<p>Posiadamy szereg propozycji dost\u0119pnych dla upraw je\u017cyn, a posiadanie w\u0142asnych zak\u0142ad\u00f3w produkcyjnych na Sri Lance i w Indiach oznacza, \u017ce mo\u017cemy wytwarza\u0107 produkty, kt\u00f3re odpowiadaj\u0105 r\u00f3\u017cnym wymaganiom producent\u00f3w. Nasze unikalne techniki produkcji zapewniaj\u0105, \u017ce p\u0142ukane i zbuforowane pod\u0142o\u017ce do uprawy malin zapewniaj\u0105 bardzo dobry drena\u017c. S\u0105 jednorodne w ca\u0142ej obj\u0119to\u015bci pod\u0142o\u017ca, co wspomaga strategie nawadniania. Wszystkie mieszanki, wymiary i tworzywa mo\u017cna dostosowa\u0107 do indywidualnych wymaga\u0144.<\/p>","protected":false},"featured_media":495,"menu_order":8,"template":"","format":[33,32],"specification":[34],"contact":[21],"product-category":[39],"class_list":["post-145","product","type-product","status-publish","has-post-thumbnail","hentry","format-naked-slabs-blackberry","format-open-top-containers-blackberry","specification-blackberry-mix","contact-charlotte-millen","product-category-soft-fruit"],"yoast_head":"<!-- This site is optimized with the Yoast SEO plugin v27.4 - https:\/\/yoast.com\/product\/yoast-seo-wordpress\/ -->\n<title>Blackberry Plant Coir Products - Soft Fruits - Botanicoir<\/title>\n<meta name=\"description\" content=\"We have a range of cocopeat options available for blackberry crops that suit differing variety, climatic and grower requirements.\" \/>\n<meta name=\"robots\" content=\"index, follow, max-snippet:-1, max-image-preview:large, max-video-preview:-1\" \/>\n<link rel=\"canonical\" href=\"https:\/\/www.botanicoir.com\/pl\/product\/blackberry\/\" \/>\n<meta property=\"og:locale\" content=\"pl_PL\" \/>\n<meta property=\"og:type\" content=\"article\" \/>\n<meta property=\"og:title\" content=\"Blackberry Plant Coir Products - Soft Fruits - Botanicoir\" \/>\n<meta property=\"og:description\" content=\"We have a range of cocopeat options available for blackberry crops that suit differing variety, climatic and grower requirements.\" \/>\n<meta property=\"og:url\" content=\"https:\/\/www.botanicoir.com\/pl\/product\/blackberry\/\" \/>\n<meta property=\"og:site_name\" content=\"Botanicoir\" \/>\n<meta property=\"article:modified_time\" content=\"2020-06-23T15:45:43+00:00\" \/>\n<meta property=\"og:image\" content=\"https:\/\/www.botanicoir.com\/wp-content\/uploads\/2020\/05\/blackberry.jpg\" \/>\n\t<meta property=\"og:image:width\" content=\"1600\" \/>\n\t<meta property=\"og:image:height\" content=\"568\" \/>\n\t<meta property=\"og:image:type\" content=\"image\/jpeg\" \/>\n<meta name=\"twitter:card\" content=\"summary_large_image\" \/>\n<script type=\"application\/ld+json\" class=\"yoast-schema-graph\">{\"@context\":\"https:\\\/\\\/schema.org\",\"@graph\":[{\"@type\":\"WebPage\",\"@id\":\"https:\\\/\\\/www.botanicoir.com\\\/es\\\/product\\\/blackberry\\\/\",\"url\":\"https:\\\/\\\/www.botanicoir.com\\\/es\\\/product\\\/blackberry\\\/\",\"name\":\"Blackberry Plant Coir Products - Soft Fruits - Botanicoir\",\"isPartOf\":{\"@id\":\"https:\\\/\\\/www.botanicoir.com\\\/#website\"},\"primaryImageOfPage\":{\"@id\":\"https:\\\/\\\/www.botanicoir.com\\\/es\\\/product\\\/blackberry\\\/#primaryimage\"},\"image\":{\"@id\":\"https:\\\/\\\/www.botanicoir.com\\\/es\\\/product\\\/blackberry\\\/#primaryimage\"},\"thumbnailUrl\":\"https:\\\/\\\/www.botanicoir.com\\\/wp-content\\\/uploads\\\/2020\\\/05\\\/blackberry.jpg\",\"datePublished\":\"2020-05-04T12:59:36+00:00\",\"dateModified\":\"2020-06-23T15:45:43+00:00\",\"description\":\"We have a range of cocopeat options available for blackberry crops that suit differing variety, climatic and grower requirements.\",\"breadcrumb\":{\"@id\":\"https:\\\/\\\/www.botanicoir.com\\\/es\\\/product\\\/blackberry\\\/#breadcrumb\"},\"inLanguage\":\"pl-PL\",\"potentialAction\":[{\"@type\":\"ReadAction\",\"target\":[\"https:\\\/\\\/www.botanicoir.com\\\/es\\\/product\\\/blackberry\\\/\"]}]},{\"@type\":\"ImageObject\",\"inLanguage\":\"pl-PL\",\"@id\":\"https:\\\/\\\/www.botanicoir.com\\\/es\\\/product\\\/blackberry\\\/#primaryimage\",\"url\":\"https:\\\/\\\/www.botanicoir.com\\\/wp-content\\\/uploads\\\/2020\\\/05\\\/blackberry.jpg\",\"contentUrl\":\"https:\\\/\\\/www.botanicoir.com\\\/wp-content\\\/uploads\\\/2020\\\/05\\\/blackberry.jpg\",\"width\":1600,\"height\":568,\"caption\":\"Blackberry\"},{\"@type\":\"BreadcrumbList\",\"@id\":\"https:\\\/\\\/www.botanicoir.com\\\/es\\\/product\\\/blackberry\\\/#breadcrumb\",\"itemListElement\":[{\"@type\":\"ListItem\",\"position\":1,\"name\":\"Home\",\"item\":\"https:\\\/\\\/www.botanicoir.com\\\/\"},{\"@type\":\"ListItem\",\"position\":2,\"name\":\"Products\",\"item\":\"https:\\\/\\\/www.botanicoir.com\\\/product\\\/\"},{\"@type\":\"ListItem\",\"position\":3,\"name\":\"Blackberry\"}]},{\"@type\":\"WebSite\",\"@id\":\"https:\\\/\\\/www.botanicoir.com\\\/#website\",\"url\":\"https:\\\/\\\/www.botanicoir.com\\\/\",\"name\":\"Botanicoir\",\"description\":\"\",\"publisher\":{\"@id\":\"https:\\\/\\\/www.botanicoir.com\\\/#organization\"},\"potentialAction\":[{\"@type\":\"SearchAction\",\"target\":{\"@type\":\"EntryPoint\",\"urlTemplate\":\"https:\\\/\\\/www.botanicoir.com\\\/?s={search_term_string}\"},\"query-input\":{\"@type\":\"PropertyValueSpecification\",\"valueRequired\":true,\"valueName\":\"search_term_string\"}}],\"inLanguage\":\"pl-PL\"},{\"@type\":\"Organization\",\"@id\":\"https:\\\/\\\/www.botanicoir.com\\\/#organization\",\"name\":\"Botanicoir\",\"url\":\"https:\\\/\\\/www.botanicoir.com\\\/\",\"logo\":{\"@type\":\"ImageObject\",\"inLanguage\":\"pl-PL\",\"@id\":\"https:\\\/\\\/www.botanicoir.com\\\/#\\\/schema\\\/logo\\\/image\\\/\",\"url\":\"https:\\\/\\\/www.botanicoir.com\\\/wp-content\\\/uploads\\\/2020\\\/06\\\/botanicoir-logo.png\",\"contentUrl\":\"https:\\\/\\\/www.botanicoir.com\\\/wp-content\\\/uploads\\\/2020\\\/06\\\/botanicoir-logo.png\",\"width\":229,\"height\":81,\"caption\":\"Botanicoir\"},\"image\":{\"@id\":\"https:\\\/\\\/www.botanicoir.com\\\/#\\\/schema\\\/logo\\\/image\\\/\"}}]}<\/script>\n<!-- \/ Yoast SEO plugin. -->","yoast_head_json":{"title":"Blackberry Plant Coir Products - Soft Fruits - Botanicoir","description":"We have a range of cocopeat options available for blackberry crops that suit differing variety, climatic and grower requirements.","robots":{"index":"index","follow":"follow","max-snippet":"max-snippet:-1","max-image-preview":"max-image-preview:large","max-video-preview":"max-video-preview:-1"},"canonical":"https:\/\/www.botanicoir.com\/pl\/product\/blackberry\/","og_locale":"pl_PL","og_type":"article","og_title":"Blackberry Plant Coir Products - Soft Fruits - Botanicoir","og_description":"We have a range of cocopeat options available for blackberry crops that suit differing variety, climatic and grower requirements.","og_url":"https:\/\/www.botanicoir.com\/pl\/product\/blackberry\/","og_site_name":"Botanicoir","article_modified_time":"2020-06-23T15:45:43+00:00","og_image":[{"width":1600,"height":568,"url":"https:\/\/www.botanicoir.com\/wp-content\/uploads\/2020\/05\/blackberry.jpg","type":"image\/jpeg"}],"twitter_card":"summary_large_image","schema":{"@context":"https:\/\/schema.org","@graph":[{"@type":"WebPage","@id":"https:\/\/www.botanicoir.com\/es\/product\/blackberry\/","url":"https:\/\/www.botanicoir.com\/es\/product\/blackberry\/","name":"Blackberry Plant Coir Products - Soft Fruits - Botanicoir","isPartOf":{"@id":"https:\/\/www.botanicoir.com\/#website"},"primaryImageOfPage":{"@id":"https:\/\/www.botanicoir.com\/es\/product\/blackberry\/#primaryimage"},"image":{"@id":"https:\/\/www.botanicoir.com\/es\/product\/blackberry\/#primaryimage"},"thumbnailUrl":"https:\/\/www.botanicoir.com\/wp-content\/uploads\/2020\/05\/blackberry.jpg","datePublished":"2020-05-04T12:59:36+00:00","dateModified":"2020-06-23T15:45:43+00:00","description":"We have a range of cocopeat options available for blackberry crops that suit differing variety, climatic and grower requirements.","breadcrumb":{"@id":"https:\/\/www.botanicoir.com\/es\/product\/blackberry\/#breadcrumb"},"inLanguage":"pl-PL","potentialAction":[{"@type":"ReadAction","target":["https:\/\/www.botanicoir.com\/es\/product\/blackberry\/"]}]},{"@type":"ImageObject","inLanguage":"pl-PL","@id":"https:\/\/www.botanicoir.com\/es\/product\/blackberry\/#primaryimage","url":"https:\/\/www.botanicoir.com\/wp-content\/uploads\/2020\/05\/blackberry.jpg","contentUrl":"https:\/\/www.botanicoir.com\/wp-content\/uploads\/2020\/05\/blackberry.jpg","width":1600,"height":568,"caption":"Blackberry"},{"@type":"BreadcrumbList","@id":"https:\/\/www.botanicoir.com\/es\/product\/blackberry\/#breadcrumb","itemListElement":[{"@type":"ListItem","position":1,"name":"Home","item":"https:\/\/www.botanicoir.com\/"},{"@type":"ListItem","position":2,"name":"Products","item":"https:\/\/www.botanicoir.com\/product\/"},{"@type":"ListItem","position":3,"name":"Blackberry"}]},{"@type":"WebSite","@id":"https:\/\/www.botanicoir.com\/#website","url":"https:\/\/www.botanicoir.com\/","name":"Botanicoir","description":"","publisher":{"@id":"https:\/\/www.botanicoir.com\/#organization"},"potentialAction":[{"@type":"SearchAction","target":{"@type":"EntryPoint","urlTemplate":"https:\/\/www.botanicoir.com\/?s={search_term_string}"},"query-input":{"@type":"PropertyValueSpecification","valueRequired":true,"valueName":"search_term_string"}}],"inLanguage":"pl-PL"},{"@type":"Organization","@id":"https:\/\/www.botanicoir.com\/#organization","name":"Botanicoir","url":"https:\/\/www.botanicoir.com\/","logo":{"@type":"ImageObject","inLanguage":"pl-PL","@id":"https:\/\/www.botanicoir.com\/#\/schema\/logo\/image\/","url":"https:\/\/www.botanicoir.com\/wp-content\/uploads\/2020\/06\/botanicoir-logo.png","contentUrl":"https:\/\/www.botanicoir.com\/wp-content\/uploads\/2020\/06\/botanicoir-logo.png","width":229,"height":81,"caption":"Botanicoir"},"image":{"@id":"https:\/\/www.botanicoir.com\/#\/schema\/logo\/image\/"}}]}},"_links":{"self":[{"href":"https:\/\/www.botanicoir.com\/pl\/wp-json\/wp\/v2\/product\/145","targetHints":{"allow":["GET"]}}],"collection":[{"href":"https:\/\/www.botanicoir.com\/pl\/wp-json\/wp\/v2\/product"}],"about":[{"href":"https:\/\/www.botanicoir.com\/pl\/wp-json\/wp\/v2\/types\/product"}],"wp:featuredmedia":[{"embeddable":true,"href":"https:\/\/www.botanicoir.com\/pl\/wp-json\/wp\/v2\/media\/495"}],"wp:attachment":[{"href":"https:\/\/www.botanicoir.com\/pl\/wp-json\/wp\/v2\/media?parent=145"}],"wp:term":[{"taxonomy":"format","embeddable":true,"href":"https:\/\/www.botanicoir.com\/pl\/wp-json\/wp\/v2\/format?post=145"},{"taxonomy":"specification","embeddable":true,"href":"https:\/\/www.botanicoir.com\/pl\/wp-json\/wp\/v2\/specification?post=145"},{"taxonomy":"contact","embeddable":true,"href":"https:\/\/www.botanicoir.com\/pl\/wp-json\/wp\/v2\/contact?post=145"},{"taxonomy":"product-category","embeddable":true,"href":"https:\/\/www.botanicoir.com\/pl\/wp-json\/wp\/v2\/product-category?post=145"}],"curies":[{"name":"wp","href":"https:\/\/api.w.org\/{rel}","templated":true}]}}