{"id":216,"date":"2020-05-12T09:29:36","date_gmt":"2020-05-12T08:29:36","guid":{"rendered":"https:\/\/www.wfd2.co.uk\/btwp\/?post_type=product&#038;p=216"},"modified":"2020-06-08T10:01:05","modified_gmt":"2020-06-08T09:01:05","slug":"bulk","status":"publish","type":"product","link":"https:\/\/www.botanicoir.com\/pl\/product\/bulk\/","title":{"rendered":"Pod\u0142o\u017ca luzem"},"content":{"rendered":"<p>Produkty masowe cocopeat s\u0105 \u015bwietn\u0105 ekonomiczn\u0105 opcj\u0105 dla hodowc\u00f3w pragn\u0105cych nawodni\u0107 na miejscu, np. Przy u\u017cyciu beli buster i wype\u0142niacza do doniczek. Wszystkie mieszanki kokosowe Botanicoir mog\u0105 by\u0107 dostarczane luzem, zwykle w belach 5 kg, 25 kg lub brykietach 600 g, ale dost\u0119pne s\u0105 r\u00f3wnie\u017c inne opcje.<\/p>","protected":false},"featured_media":217,"menu_order":0,"template":"","format":[9],"specification":[29],"contact":[30],"product-category":[],"class_list":["post-216","product","type-product","status-publish","has-post-thumbnail","hentry","format-bulk","specification-bulk-mix","contact-kalum-balasuriya"],"yoast_head":"<!-- This site is optimized with the Yoast SEO plugin v27.4 - https:\/\/yoast.com\/product\/yoast-seo-wordpress\/ -->\n<title>Bulk Cocopeat Products - Botanicoir: Producers of Quality Cocopeat<\/title>\n<meta name=\"description\" content=\"Bulk cocopeat products are a great economical option for growers looking to hydrate onsite, maybe using a bale buster and pot filler.\" \/>\n<meta name=\"robots\" content=\"index, follow, max-snippet:-1, max-image-preview:large, max-video-preview:-1\" \/>\n<link rel=\"canonical\" href=\"https:\/\/www.botanicoir.com\/pl\/product\/bulk\/\" \/>\n<meta property=\"og:locale\" content=\"pl_PL\" \/>\n<meta property=\"og:type\" content=\"article\" \/>\n<meta property=\"og:title\" content=\"Bulk Cocopeat Products - Botanicoir: Producers of Quality Cocopeat\" \/>\n<meta property=\"og:description\" content=\"Bulk cocopeat products are a great economical option for growers looking to hydrate onsite, maybe using a bale buster and pot filler.\" \/>\n<meta property=\"og:url\" content=\"https:\/\/www.botanicoir.com\/pl\/product\/bulk\/\" \/>\n<meta property=\"og:site_name\" content=\"Botanicoir\" \/>\n<meta property=\"article:modified_time\" content=\"2020-06-08T09:01:05+00:00\" \/>\n<meta property=\"og:image\" content=\"https:\/\/www.botanicoir.com\/wp-content\/uploads\/2020\/05\/bulk-top-banner-photo.jpg\" \/>\n\t<meta property=\"og:image:width\" content=\"1594\" \/>\n\t<meta property=\"og:image:height\" content=\"211\" \/>\n\t<meta property=\"og:image:type\" content=\"image\/jpeg\" \/>\n<meta name=\"twitter:card\" content=\"summary_large_image\" \/>\n<script type=\"application\/ld+json\" class=\"yoast-schema-graph\">{\"@context\":\"https:\\\/\\\/schema.org\",\"@graph\":[{\"@type\":\"WebPage\",\"@id\":\"https:\\\/\\\/www.botanicoir.com\\\/product\\\/bulk\\\/\",\"url\":\"https:\\\/\\\/www.botanicoir.com\\\/product\\\/bulk\\\/\",\"name\":\"Bulk Cocopeat Products - Botanicoir: Producers of Quality Cocopeat\",\"isPartOf\":{\"@id\":\"https:\\\/\\\/www.botanicoir.com\\\/#website\"},\"primaryImageOfPage\":{\"@id\":\"https:\\\/\\\/www.botanicoir.com\\\/product\\\/bulk\\\/#primaryimage\"},\"image\":{\"@id\":\"https:\\\/\\\/www.botanicoir.com\\\/product\\\/bulk\\\/#primaryimage\"},\"thumbnailUrl\":\"https:\\\/\\\/www.botanicoir.com\\\/wp-content\\\/uploads\\\/2020\\\/05\\\/bulk-top-banner-photo.jpg\",\"datePublished\":\"2020-05-12T08:29:36+00:00\",\"dateModified\":\"2020-06-08T09:01:05+00:00\",\"description\":\"Bulk cocopeat products are a great economical option for growers looking to hydrate onsite, maybe using a bale buster and pot filler.\",\"breadcrumb\":{\"@id\":\"https:\\\/\\\/www.botanicoir.com\\\/product\\\/bulk\\\/#breadcrumb\"},\"inLanguage\":\"pl-PL\",\"potentialAction\":[{\"@type\":\"ReadAction\",\"target\":[\"https:\\\/\\\/www.botanicoir.com\\\/product\\\/bulk\\\/\"]}]},{\"@type\":\"ImageObject\",\"inLanguage\":\"pl-PL\",\"@id\":\"https:\\\/\\\/www.botanicoir.com\\\/product\\\/bulk\\\/#primaryimage\",\"url\":\"https:\\\/\\\/www.botanicoir.com\\\/wp-content\\\/uploads\\\/2020\\\/05\\\/bulk-top-banner-photo.jpg\",\"contentUrl\":\"https:\\\/\\\/www.botanicoir.com\\\/wp-content\\\/uploads\\\/2020\\\/05\\\/bulk-top-banner-photo.jpg\",\"width\":1594,\"height\":211,\"caption\":\"Bulk\"},{\"@type\":\"BreadcrumbList\",\"@id\":\"https:\\\/\\\/www.botanicoir.com\\\/product\\\/bulk\\\/#breadcrumb\",\"itemListElement\":[{\"@type\":\"ListItem\",\"position\":1,\"name\":\"Home\",\"item\":\"https:\\\/\\\/www.botanicoir.com\\\/\"},{\"@type\":\"ListItem\",\"position\":2,\"name\":\"Products\",\"item\":\"https:\\\/\\\/www.botanicoir.com\\\/product\\\/\"},{\"@type\":\"ListItem\",\"position\":3,\"name\":\"Bulk\"}]},{\"@type\":\"WebSite\",\"@id\":\"https:\\\/\\\/www.botanicoir.com\\\/#website\",\"url\":\"https:\\\/\\\/www.botanicoir.com\\\/\",\"name\":\"Botanicoir\",\"description\":\"\",\"publisher\":{\"@id\":\"https:\\\/\\\/www.botanicoir.com\\\/#organization\"},\"potentialAction\":[{\"@type\":\"SearchAction\",\"target\":{\"@type\":\"EntryPoint\",\"urlTemplate\":\"https:\\\/\\\/www.botanicoir.com\\\/?s={search_term_string}\"},\"query-input\":{\"@type\":\"PropertyValueSpecification\",\"valueRequired\":true,\"valueName\":\"search_term_string\"}}],\"inLanguage\":\"pl-PL\"},{\"@type\":\"Organization\",\"@id\":\"https:\\\/\\\/www.botanicoir.com\\\/#organization\",\"name\":\"Botanicoir\",\"url\":\"https:\\\/\\\/www.botanicoir.com\\\/\",\"logo\":{\"@type\":\"ImageObject\",\"inLanguage\":\"pl-PL\",\"@id\":\"https:\\\/\\\/www.botanicoir.com\\\/#\\\/schema\\\/logo\\\/image\\\/\",\"url\":\"https:\\\/\\\/www.botanicoir.com\\\/wp-content\\\/uploads\\\/2020\\\/06\\\/botanicoir-logo.png\",\"contentUrl\":\"https:\\\/\\\/www.botanicoir.com\\\/wp-content\\\/uploads\\\/2020\\\/06\\\/botanicoir-logo.png\",\"width\":229,\"height\":81,\"caption\":\"Botanicoir\"},\"image\":{\"@id\":\"https:\\\/\\\/www.botanicoir.com\\\/#\\\/schema\\\/logo\\\/image\\\/\"}}]}<\/script>\n<!-- \/ Yoast SEO plugin. -->","yoast_head_json":{"title":"Bulk Cocopeat Products - Botanicoir: Producers of Quality Cocopeat","description":"Bulk cocopeat products are a great economical option for growers looking to hydrate onsite, maybe using a bale buster and pot filler.","robots":{"index":"index","follow":"follow","max-snippet":"max-snippet:-1","max-image-preview":"max-image-preview:large","max-video-preview":"max-video-preview:-1"},"canonical":"https:\/\/www.botanicoir.com\/pl\/product\/bulk\/","og_locale":"pl_PL","og_type":"article","og_title":"Bulk Cocopeat Products - Botanicoir: Producers of Quality Cocopeat","og_description":"Bulk cocopeat products are a great economical option for growers looking to hydrate onsite, maybe using a bale buster and pot filler.","og_url":"https:\/\/www.botanicoir.com\/pl\/product\/bulk\/","og_site_name":"Botanicoir","article_modified_time":"2020-06-08T09:01:05+00:00","og_image":[{"width":1594,"height":211,"url":"https:\/\/www.botanicoir.com\/wp-content\/uploads\/2020\/05\/bulk-top-banner-photo.jpg","type":"image\/jpeg"}],"twitter_card":"summary_large_image","schema":{"@context":"https:\/\/schema.org","@graph":[{"@type":"WebPage","@id":"https:\/\/www.botanicoir.com\/product\/bulk\/","url":"https:\/\/www.botanicoir.com\/product\/bulk\/","name":"Bulk Cocopeat Products - Botanicoir: Producers of Quality Cocopeat","isPartOf":{"@id":"https:\/\/www.botanicoir.com\/#website"},"primaryImageOfPage":{"@id":"https:\/\/www.botanicoir.com\/product\/bulk\/#primaryimage"},"image":{"@id":"https:\/\/www.botanicoir.com\/product\/bulk\/#primaryimage"},"thumbnailUrl":"https:\/\/www.botanicoir.com\/wp-content\/uploads\/2020\/05\/bulk-top-banner-photo.jpg","datePublished":"2020-05-12T08:29:36+00:00","dateModified":"2020-06-08T09:01:05+00:00","description":"Bulk cocopeat products are a great economical option for growers looking to hydrate onsite, maybe using a bale buster and pot filler.","breadcrumb":{"@id":"https:\/\/www.botanicoir.com\/product\/bulk\/#breadcrumb"},"inLanguage":"pl-PL","potentialAction":[{"@type":"ReadAction","target":["https:\/\/www.botanicoir.com\/product\/bulk\/"]}]},{"@type":"ImageObject","inLanguage":"pl-PL","@id":"https:\/\/www.botanicoir.com\/product\/bulk\/#primaryimage","url":"https:\/\/www.botanicoir.com\/wp-content\/uploads\/2020\/05\/bulk-top-banner-photo.jpg","contentUrl":"https:\/\/www.botanicoir.com\/wp-content\/uploads\/2020\/05\/bulk-top-banner-photo.jpg","width":1594,"height":211,"caption":"Bulk"},{"@type":"BreadcrumbList","@id":"https:\/\/www.botanicoir.com\/product\/bulk\/#breadcrumb","itemListElement":[{"@type":"ListItem","position":1,"name":"Home","item":"https:\/\/www.botanicoir.com\/"},{"@type":"ListItem","position":2,"name":"Products","item":"https:\/\/www.botanicoir.com\/product\/"},{"@type":"ListItem","position":3,"name":"Bulk"}]},{"@type":"WebSite","@id":"https:\/\/www.botanicoir.com\/#website","url":"https:\/\/www.botanicoir.com\/","name":"Botanicoir","description":"","publisher":{"@id":"https:\/\/www.botanicoir.com\/#organization"},"potentialAction":[{"@type":"SearchAction","target":{"@type":"EntryPoint","urlTemplate":"https:\/\/www.botanicoir.com\/?s={search_term_string}"},"query-input":{"@type":"PropertyValueSpecification","valueRequired":true,"valueName":"search_term_string"}}],"inLanguage":"pl-PL"},{"@type":"Organization","@id":"https:\/\/www.botanicoir.com\/#organization","name":"Botanicoir","url":"https:\/\/www.botanicoir.com\/","logo":{"@type":"ImageObject","inLanguage":"pl-PL","@id":"https:\/\/www.botanicoir.com\/#\/schema\/logo\/image\/","url":"https:\/\/www.botanicoir.com\/wp-content\/uploads\/2020\/06\/botanicoir-logo.png","contentUrl":"https:\/\/www.botanicoir.com\/wp-content\/uploads\/2020\/06\/botanicoir-logo.png","width":229,"height":81,"caption":"Botanicoir"},"image":{"@id":"https:\/\/www.botanicoir.com\/#\/schema\/logo\/image\/"}}]}},"_links":{"self":[{"href":"https:\/\/www.botanicoir.com\/pl\/wp-json\/wp\/v2\/product\/216","targetHints":{"allow":["GET"]}}],"collection":[{"href":"https:\/\/www.botanicoir.com\/pl\/wp-json\/wp\/v2\/product"}],"about":[{"href":"https:\/\/www.botanicoir.com\/pl\/wp-json\/wp\/v2\/types\/product"}],"wp:featuredmedia":[{"embeddable":true,"href":"https:\/\/www.botanicoir.com\/pl\/wp-json\/wp\/v2\/media\/217"}],"wp:attachment":[{"href":"https:\/\/www.botanicoir.com\/pl\/wp-json\/wp\/v2\/media?parent=216"}],"wp:term":[{"taxonomy":"format","embeddable":true,"href":"https:\/\/www.botanicoir.com\/pl\/wp-json\/wp\/v2\/format?post=216"},{"taxonomy":"specification","embeddable":true,"href":"https:\/\/www.botanicoir.com\/pl\/wp-json\/wp\/v2\/specification?post=216"},{"taxonomy":"contact","embeddable":true,"href":"https:\/\/www.botanicoir.com\/pl\/wp-json\/wp\/v2\/contact?post=216"},{"taxonomy":"product-category","embeddable":true,"href":"https:\/\/www.botanicoir.com\/pl\/wp-json\/wp\/v2\/product-category?post=216"}],"curies":[{"name":"wp","href":"https:\/\/api.w.org\/{rel}","templated":true}]}}